{"id":1279,"date":"2022-09-26T23:49:49","date_gmt":"2022-09-26T16:49:49","guid":{"rendered":"https:\/\/ecoweb.com.co\/asoluciones\/?page_id=1279"},"modified":"2023-03-13T17:15:48","modified_gmt":"2023-03-13T22:15:48","slug":"canastillas-para-mangas","status":"publish","type":"page","link":"https:\/\/www.elementosjavi.com\/cali\/canastillas-para-mangas\/","title":{"rendered":"Canastillas para mangas"},"content":{"rendered":"<p>[vc_row css=\u00bb.vc_custom_1664211604900{padding-top: 70px !important;}\u00bb][vc_column][vc_column_text]<\/p>\n<p class=\"titulos\" style=\"text-align: center; color: #0066cc; font-weight: bold; font-size: 37pt; line-height: 1;\">CANASTILLAS PARA MANGAS FILTRANTES<\/p>\n<p>[\/vc_column_text][\/vc_column][\/vc_row][vc_row content_placement=\u00bbmiddle\u00bb css=\u00bb.vc_custom_1664211710038{padding-top: 60px !important;padding-bottom: 60px !important;}\u00bb][vc_column width=\u00bb1\/2&#8243;][vc_column_text]<\/p>\n<p style=\"font-size: 12pt; text-align: justify;\">Ponemos a su disposici\u00f3n la m\u00e1s moderna l\u00ednea de producci\u00f3n de canastillas para los filtros de manga (canastillas para colectores de polvo). Para satisfacer las necesidades de nuestros clientes estamos en capacidad de fabricar cualquier tipo de canastilla met\u00e1lica para su colector de polvo en di\u00e1metros desde 4 hasta 8 pulgadas y longitud hasta de 6 metros, las cuales podemos fabricar hasta con 24 varillas (largueros) y aros de refuerzos.<\/p>\n<p style=\"font-size: 12pt; text-align: justify;\">Como nuestra l\u00ednea de producci\u00f3n es semi-autom\u00e1tica, estamos en capacidad de ofrecer la m\u00e1s alta calidad al mejor precio y el menor tiempo de entrega.<\/p>\n<p style=\"font-size: 12pt; text-align: justify;\">Suministramos canastillas no solo para Colombia sino para centro y Sudam\u00e9rica.<\/p>\n<p>[\/vc_column_text][\/vc_column][vc_column width=\u00bb1\/2&#8243;][vc_column_text]<img decoding=\"async\" class=\"aligncenter\" style=\"width: 500px;\" src=\"\/wp-content\/uploads\/2022\/09\/Canastillas_para_colectores_2.jpg\" alt=\"\" \/>[\/vc_column_text][\/vc_column][\/vc_row][vc_row css=\u00bb.vc_custom_1487713704549{padding-bottom: 60px !important;}\u00bb][vc_column width=\u00bb1\/2&#8243;][vc_column_text]<\/p>\n<p style=\"color: #333333; font-size: 24pt; font-weight: 800; text-align: left;\">CARACTER\u00cdSTICAS:<\/p>\n<ul>\n<li style=\"font-size: 12pt; text-align: justify;\">Tipos: Estilo cil\u00edndrica, con o sin venturi o abrazadera.<\/li>\n<li style=\"font-size: 12pt; text-align: justify;\">N\u00famero de varillas: 8-10-12-14-16-20-24 varillas verticales<\/li>\n<li style=\"font-size: 12pt; text-align: justify;\">Espacio entre aros: Personalizable.<\/li>\n<li style=\"font-size: 12pt; text-align: justify;\">Di\u00e1metro de la canastilla: los di\u00e1metros de las canastillas van de 4 a 8 pulgadas (100 mm a 200 mm)<\/li>\n<li style=\"font-size: 12pt; text-align: justify;\">Calibre de varilla: los rangos de espesor de varilla son de 2.5mm a 5 mm.<\/li>\n<\/ul>\n<p>[\/vc_column_text][\/vc_column][vc_column width=\u00bb1\/2&#8243;][vc_column_text css=\u00bb.vc_custom_1562621573783{padding-right: 30px !important;padding-left: 30px !important;}\u00bb]<\/p>\n<p style=\"color: #333333; font-size: 24pt; font-weight: 800; text-align: left;\">USOS:<\/p>\n<p style=\"font-size: 12pt; text-align: justify;\">Estas canastillas se usan en industrias de madera, cemento, qu\u00edmica, medicina, pintura, pl\u00e1stico, alimentos, centrales t\u00e9rmicas de carb\u00f3n, estaciones de energ\u00eda, industria del papel, otros segmentos industriales y en miner\u00eda.<\/p>\n<p style=\"font-size: 12pt; text-align: justify;\"><strong>NOTA:<\/strong> Favor p\u00f3ngase en contacto con nuestro departamento de ventas para resolver cualquier inquietud.<\/p>\n<p>[\/vc_column_text][\/vc_column][\/vc_row]<\/p>\n","protected":false},"excerpt":{"rendered":"<p>[vc_row css=\u00bb.vc_custom_1664211604900{padding-top: 70px !important;}\u00bb][vc_column][vc_column_text] CANASTILLAS PARA MANGAS FILTRANTES [\/vc_column_text][\/vc_column][\/vc_row][vc_row content_placement=\u00bbmiddle\u00bb css=\u00bb.vc_custom_1664211710038{padding-top: 60px !important;padding-bottom: 60px !important;}\u00bb][vc_column width=\u00bb1\/2&#8243;][vc_column_text] Ponemos a su disposici\u00f3n&#8230;<\/p>\n","protected":false},"author":1,"featured_media":0,"parent":0,"menu_order":0,"comment_status":"closed","ping_status":"closed","template":"","meta":{"_joinchat":[],"footnotes":""},"class_list":["post-1279","page","type-page","status-publish","hentry"],"yoast_head":"<!-- This site is optimized with the Yoast SEO plugin v25.6 - https:\/\/yoast.com\/wordpress\/plugins\/seo\/ -->\n<title>Canastillas para mangas - Elementos Javi<\/title>\n<meta name=\"robots\" content=\"index, follow, max-snippet:-1, max-image-preview:large, max-video-preview:-1\" \/>\n<link rel=\"canonical\" href=\"https:\/\/www.elementosjavi.com\/cali\/canastillas-para-mangas\/\" \/>\n<meta property=\"og:locale\" content=\"es_ES\" \/>\n<meta property=\"og:type\" content=\"article\" \/>\n<meta property=\"og:title\" content=\"Canastillas para mangas - Elementos Javi\" \/>\n<meta property=\"og:description\" content=\"[vc_row css=\u00bb.vc_custom_1664211604900{padding-top: 70px !important;}\u00bb][vc_column][vc_column_text] CANASTILLAS PARA MANGAS FILTRANTES [\/vc_column_text][\/vc_column][\/vc_row][vc_row content_placement=\u00bbmiddle\u00bb css=\u00bb.vc_custom_1664211710038{padding-top: 60px !important;padding-bottom: 60px !important;}\u00bb][vc_column width=\u00bb1\/2&#8243;][vc_column_text] Ponemos a su disposici\u00f3n...\" \/>\n<meta property=\"og:url\" content=\"https:\/\/www.elementosjavi.com\/cali\/canastillas-para-mangas\/\" \/>\n<meta property=\"og:site_name\" content=\"Elementos Javi\" \/>\n<meta property=\"article:modified_time\" content=\"2023-03-13T22:15:48+00:00\" \/>\n<meta name=\"twitter:card\" content=\"summary_large_image\" \/>\n<meta name=\"twitter:label1\" content=\"Tiempo de lectura\" \/>\n\t<meta name=\"twitter:data1\" content=\"2 minutos\" \/>\n<script type=\"application\/ld+json\" class=\"yoast-schema-graph\">{\"@context\":\"https:\/\/schema.org\",\"@graph\":[{\"@type\":\"WebPage\",\"@id\":\"https:\/\/www.elementosjavi.com\/cali\/canastillas-para-mangas\/\",\"url\":\"https:\/\/www.elementosjavi.com\/cali\/canastillas-para-mangas\/\",\"name\":\"Canastillas para mangas - Elementos Javi\",\"isPartOf\":{\"@id\":\"https:\/\/www.elementosjavi.com\/cali\/#website\"},\"datePublished\":\"2022-09-26T16:49:49+00:00\",\"dateModified\":\"2023-03-13T22:15:48+00:00\",\"breadcrumb\":{\"@id\":\"https:\/\/www.elementosjavi.com\/cali\/canastillas-para-mangas\/#breadcrumb\"},\"inLanguage\":\"es\",\"potentialAction\":[{\"@type\":\"ReadAction\",\"target\":[\"https:\/\/www.elementosjavi.com\/cali\/canastillas-para-mangas\/\"]}]},{\"@type\":\"BreadcrumbList\",\"@id\":\"https:\/\/www.elementosjavi.com\/cali\/canastillas-para-mangas\/#breadcrumb\",\"itemListElement\":[{\"@type\":\"ListItem\",\"position\":1,\"name\":\"Portada\",\"item\":\"https:\/\/www.elementosjavi.com\/cali\/\"},{\"@type\":\"ListItem\",\"position\":2,\"name\":\"Canastillas para mangas\"}]},{\"@type\":\"WebSite\",\"@id\":\"https:\/\/www.elementosjavi.com\/cali\/#website\",\"url\":\"https:\/\/www.elementosjavi.com\/cali\/\",\"name\":\"Elementos Javi\",\"description\":\"Filtros Especiales Cali\",\"potentialAction\":[{\"@type\":\"SearchAction\",\"target\":{\"@type\":\"EntryPoint\",\"urlTemplate\":\"https:\/\/www.elementosjavi.com\/cali\/?s={search_term_string}\"},\"query-input\":{\"@type\":\"PropertyValueSpecification\",\"valueRequired\":true,\"valueName\":\"search_term_string\"}}],\"inLanguage\":\"es\"}]}<\/script>\n<!-- \/ Yoast SEO plugin. -->","yoast_head_json":{"title":"Canastillas para mangas - Elementos Javi","robots":{"index":"index","follow":"follow","max-snippet":"max-snippet:-1","max-image-preview":"max-image-preview:large","max-video-preview":"max-video-preview:-1"},"canonical":"https:\/\/www.elementosjavi.com\/cali\/canastillas-para-mangas\/","og_locale":"es_ES","og_type":"article","og_title":"Canastillas para mangas - Elementos Javi","og_description":"[vc_row css=\u00bb.vc_custom_1664211604900{padding-top: 70px !important;}\u00bb][vc_column][vc_column_text] CANASTILLAS PARA MANGAS FILTRANTES [\/vc_column_text][\/vc_column][\/vc_row][vc_row content_placement=\u00bbmiddle\u00bb css=\u00bb.vc_custom_1664211710038{padding-top: 60px !important;padding-bottom: 60px !important;}\u00bb][vc_column width=\u00bb1\/2&#8243;][vc_column_text] Ponemos a su disposici\u00f3n...","og_url":"https:\/\/www.elementosjavi.com\/cali\/canastillas-para-mangas\/","og_site_name":"Elementos Javi","article_modified_time":"2023-03-13T22:15:48+00:00","twitter_card":"summary_large_image","twitter_misc":{"Tiempo de lectura":"2 minutos"},"schema":{"@context":"https:\/\/schema.org","@graph":[{"@type":"WebPage","@id":"https:\/\/www.elementosjavi.com\/cali\/canastillas-para-mangas\/","url":"https:\/\/www.elementosjavi.com\/cali\/canastillas-para-mangas\/","name":"Canastillas para mangas - Elementos Javi","isPartOf":{"@id":"https:\/\/www.elementosjavi.com\/cali\/#website"},"datePublished":"2022-09-26T16:49:49+00:00","dateModified":"2023-03-13T22:15:48+00:00","breadcrumb":{"@id":"https:\/\/www.elementosjavi.com\/cali\/canastillas-para-mangas\/#breadcrumb"},"inLanguage":"es","potentialAction":[{"@type":"ReadAction","target":["https:\/\/www.elementosjavi.com\/cali\/canastillas-para-mangas\/"]}]},{"@type":"BreadcrumbList","@id":"https:\/\/www.elementosjavi.com\/cali\/canastillas-para-mangas\/#breadcrumb","itemListElement":[{"@type":"ListItem","position":1,"name":"Portada","item":"https:\/\/www.elementosjavi.com\/cali\/"},{"@type":"ListItem","position":2,"name":"Canastillas para mangas"}]},{"@type":"WebSite","@id":"https:\/\/www.elementosjavi.com\/cali\/#website","url":"https:\/\/www.elementosjavi.com\/cali\/","name":"Elementos Javi","description":"Filtros Especiales Cali","potentialAction":[{"@type":"SearchAction","target":{"@type":"EntryPoint","urlTemplate":"https:\/\/www.elementosjavi.com\/cali\/?s={search_term_string}"},"query-input":{"@type":"PropertyValueSpecification","valueRequired":true,"valueName":"search_term_string"}}],"inLanguage":"es"}]}},"_links":{"self":[{"href":"https:\/\/www.elementosjavi.com\/cali\/wp-json\/wp\/v2\/pages\/1279"}],"collection":[{"href":"https:\/\/www.elementosjavi.com\/cali\/wp-json\/wp\/v2\/pages"}],"about":[{"href":"https:\/\/www.elementosjavi.com\/cali\/wp-json\/wp\/v2\/types\/page"}],"author":[{"embeddable":true,"href":"https:\/\/www.elementosjavi.com\/cali\/wp-json\/wp\/v2\/users\/1"}],"replies":[{"embeddable":true,"href":"https:\/\/www.elementosjavi.com\/cali\/wp-json\/wp\/v2\/comments?post=1279"}],"version-history":[{"count":0,"href":"https:\/\/www.elementosjavi.com\/cali\/wp-json\/wp\/v2\/pages\/1279\/revisions"}],"wp:attachment":[{"href":"https:\/\/www.elementosjavi.com\/cali\/wp-json\/wp\/v2\/media?parent=1279"}],"curies":[{"name":"wp","href":"https:\/\/api.w.org\/{rel}","templated":true}]}}