{"id":1289,"date":"2022-09-27T00:30:44","date_gmt":"2022-09-26T17:30:44","guid":{"rendered":"https:\/\/ecoweb.com.co\/asoluciones\/?page_id=1289"},"modified":"2023-03-13T17:16:05","modified_gmt":"2023-03-13T22:16:05","slug":"carton-plegado","status":"publish","type":"page","link":"https:\/\/www.elementosjavi.com\/cali\/carton-plegado\/","title":{"rendered":"Cart\u00f3n plegado"},"content":{"rendered":"<p>[vc_row css=\u00bb.vc_custom_1664213333987{padding-top: 70px !important;}\u00bb][vc_column][vc_column_text]<\/p>\n<p class=\"titulos\" style=\"text-align: center; color: #0066cc; font-weight: bold; font-size: 37pt; line-height: 1;\">CART\u00d3N PLEGADO<\/p>\n<p>[\/vc_column_text][\/vc_column][\/vc_row][vc_row content_placement=\u00bbmiddle\u00bb css=\u00bb.vc_custom_1664213339631{padding-top: 60px !important;padding-bottom: 60px !important;}\u00bb][vc_column width=\u00bb1\/2&#8243; css=\u00bb.vc_custom_1562776342915{margin-top: 5% !important;}\u00bb][vc_column_text]<\/p>\n<p style=\"font-size: 12pt; text-align: justify;\">Este medio filtrante en estilo de acorde\u00f3n es utilizado para la filtraci\u00f3n de escape de la cabina de pulverizaci\u00f3n. Este tipo de filtros se utilizan en todo el mundo en la industria de acabado de l\u00edquidos.<br \/>\nTambi\u00e9n se conocen como filtro de \u00f3rgano, tarjeta de gopher, filtro de tarjeta acanalada, papel de pintor y concertina.<br \/>\nEstos filtros contienen m\u00e1s part\u00edculas de pintura que otros medios de filtro de escape mientras mantienen un flujo de aire uniforme alrededor de las piezas que se pulverizan. Esto contribuye a un ambiente de aire m\u00e1s limpio para el trabajador y la comunidad en general.<\/p>\n<p>[\/vc_column_text][\/vc_column][vc_column width=\u00bb1\/2&#8243;][vc_images_carousel images=\u00bb1290,1291&#8243; img_size=\u00bbfull\u00bb onclick=\u00bblink_no\u00bb css=\u00bb.vc_custom_1678745766464{padding-left: 5% !important;}\u00bb][\/vc_column][\/vc_row]<\/p>\n","protected":false},"excerpt":{"rendered":"<p>[vc_row css=\u00bb.vc_custom_1664213333987{padding-top: 70px !important;}\u00bb][vc_column][vc_column_text] CART\u00d3N PLEGADO [\/vc_column_text][\/vc_column][\/vc_row][vc_row content_placement=\u00bbmiddle\u00bb css=\u00bb.vc_custom_1664213339631{padding-top: 60px !important;padding-bottom: 60px !important;}\u00bb][vc_column width=\u00bb1\/2&#8243; css=\u00bb.vc_custom_1562776342915{margin-top: 5% !important;}\u00bb][vc_column_text] Este medio filtrante&#8230;<\/p>\n","protected":false},"author":1,"featured_media":0,"parent":0,"menu_order":0,"comment_status":"closed","ping_status":"closed","template":"","meta":{"_joinchat":[],"footnotes":""},"class_list":["post-1289","page","type-page","status-publish","hentry"],"yoast_head":"<!-- This site is optimized with the Yoast SEO plugin v25.6 - https:\/\/yoast.com\/wordpress\/plugins\/seo\/ -->\n<title>Cart\u00f3n plegado - Elementos Javi<\/title>\n<meta name=\"robots\" content=\"index, follow, max-snippet:-1, max-image-preview:large, max-video-preview:-1\" \/>\n<link rel=\"canonical\" href=\"https:\/\/www.elementosjavi.com\/cali\/carton-plegado\/\" \/>\n<meta property=\"og:locale\" content=\"es_ES\" \/>\n<meta property=\"og:type\" content=\"article\" \/>\n<meta property=\"og:title\" content=\"Cart\u00f3n plegado - Elementos Javi\" \/>\n<meta property=\"og:description\" content=\"[vc_row css=\u00bb.vc_custom_1664213333987{padding-top: 70px !important;}\u00bb][vc_column][vc_column_text] CART\u00d3N PLEGADO [\/vc_column_text][\/vc_column][\/vc_row][vc_row content_placement=\u00bbmiddle\u00bb css=\u00bb.vc_custom_1664213339631{padding-top: 60px !important;padding-bottom: 60px !important;}\u00bb][vc_column width=\u00bb1\/2&#8243; css=\u00bb.vc_custom_1562776342915{margin-top: 5% !important;}\u00bb][vc_column_text] Este medio filtrante...\" \/>\n<meta property=\"og:url\" content=\"https:\/\/www.elementosjavi.com\/cali\/carton-plegado\/\" \/>\n<meta property=\"og:site_name\" content=\"Elementos Javi\" \/>\n<meta property=\"article:modified_time\" content=\"2023-03-13T22:16:05+00:00\" \/>\n<meta name=\"twitter:card\" content=\"summary_large_image\" \/>\n<meta name=\"twitter:label1\" content=\"Tiempo de lectura\" \/>\n\t<meta name=\"twitter:data1\" content=\"1 minuto\" \/>\n<script type=\"application\/ld+json\" class=\"yoast-schema-graph\">{\"@context\":\"https:\/\/schema.org\",\"@graph\":[{\"@type\":\"WebPage\",\"@id\":\"https:\/\/www.elementosjavi.com\/cali\/carton-plegado\/\",\"url\":\"https:\/\/www.elementosjavi.com\/cali\/carton-plegado\/\",\"name\":\"Cart\u00f3n plegado - Elementos Javi\",\"isPartOf\":{\"@id\":\"https:\/\/www.elementosjavi.com\/cali\/#website\"},\"datePublished\":\"2022-09-26T17:30:44+00:00\",\"dateModified\":\"2023-03-13T22:16:05+00:00\",\"breadcrumb\":{\"@id\":\"https:\/\/www.elementosjavi.com\/cali\/carton-plegado\/#breadcrumb\"},\"inLanguage\":\"es\",\"potentialAction\":[{\"@type\":\"ReadAction\",\"target\":[\"https:\/\/www.elementosjavi.com\/cali\/carton-plegado\/\"]}]},{\"@type\":\"BreadcrumbList\",\"@id\":\"https:\/\/www.elementosjavi.com\/cali\/carton-plegado\/#breadcrumb\",\"itemListElement\":[{\"@type\":\"ListItem\",\"position\":1,\"name\":\"Portada\",\"item\":\"https:\/\/www.elementosjavi.com\/cali\/\"},{\"@type\":\"ListItem\",\"position\":2,\"name\":\"Cart\u00f3n plegado\"}]},{\"@type\":\"WebSite\",\"@id\":\"https:\/\/www.elementosjavi.com\/cali\/#website\",\"url\":\"https:\/\/www.elementosjavi.com\/cali\/\",\"name\":\"Elementos Javi\",\"description\":\"Filtros Especiales Cali\",\"potentialAction\":[{\"@type\":\"SearchAction\",\"target\":{\"@type\":\"EntryPoint\",\"urlTemplate\":\"https:\/\/www.elementosjavi.com\/cali\/?s={search_term_string}\"},\"query-input\":{\"@type\":\"PropertyValueSpecification\",\"valueRequired\":true,\"valueName\":\"search_term_string\"}}],\"inLanguage\":\"es\"}]}<\/script>\n<!-- \/ Yoast SEO plugin. -->","yoast_head_json":{"title":"Cart\u00f3n plegado - Elementos Javi","robots":{"index":"index","follow":"follow","max-snippet":"max-snippet:-1","max-image-preview":"max-image-preview:large","max-video-preview":"max-video-preview:-1"},"canonical":"https:\/\/www.elementosjavi.com\/cali\/carton-plegado\/","og_locale":"es_ES","og_type":"article","og_title":"Cart\u00f3n plegado - Elementos Javi","og_description":"[vc_row css=\u00bb.vc_custom_1664213333987{padding-top: 70px !important;}\u00bb][vc_column][vc_column_text] CART\u00d3N PLEGADO [\/vc_column_text][\/vc_column][\/vc_row][vc_row content_placement=\u00bbmiddle\u00bb css=\u00bb.vc_custom_1664213339631{padding-top: 60px !important;padding-bottom: 60px !important;}\u00bb][vc_column width=\u00bb1\/2&#8243; css=\u00bb.vc_custom_1562776342915{margin-top: 5% !important;}\u00bb][vc_column_text] Este medio filtrante...","og_url":"https:\/\/www.elementosjavi.com\/cali\/carton-plegado\/","og_site_name":"Elementos Javi","article_modified_time":"2023-03-13T22:16:05+00:00","twitter_card":"summary_large_image","twitter_misc":{"Tiempo de lectura":"1 minuto"},"schema":{"@context":"https:\/\/schema.org","@graph":[{"@type":"WebPage","@id":"https:\/\/www.elementosjavi.com\/cali\/carton-plegado\/","url":"https:\/\/www.elementosjavi.com\/cali\/carton-plegado\/","name":"Cart\u00f3n plegado - Elementos Javi","isPartOf":{"@id":"https:\/\/www.elementosjavi.com\/cali\/#website"},"datePublished":"2022-09-26T17:30:44+00:00","dateModified":"2023-03-13T22:16:05+00:00","breadcrumb":{"@id":"https:\/\/www.elementosjavi.com\/cali\/carton-plegado\/#breadcrumb"},"inLanguage":"es","potentialAction":[{"@type":"ReadAction","target":["https:\/\/www.elementosjavi.com\/cali\/carton-plegado\/"]}]},{"@type":"BreadcrumbList","@id":"https:\/\/www.elementosjavi.com\/cali\/carton-plegado\/#breadcrumb","itemListElement":[{"@type":"ListItem","position":1,"name":"Portada","item":"https:\/\/www.elementosjavi.com\/cali\/"},{"@type":"ListItem","position":2,"name":"Cart\u00f3n plegado"}]},{"@type":"WebSite","@id":"https:\/\/www.elementosjavi.com\/cali\/#website","url":"https:\/\/www.elementosjavi.com\/cali\/","name":"Elementos Javi","description":"Filtros Especiales Cali","potentialAction":[{"@type":"SearchAction","target":{"@type":"EntryPoint","urlTemplate":"https:\/\/www.elementosjavi.com\/cali\/?s={search_term_string}"},"query-input":{"@type":"PropertyValueSpecification","valueRequired":true,"valueName":"search_term_string"}}],"inLanguage":"es"}]}},"_links":{"self":[{"href":"https:\/\/www.elementosjavi.com\/cali\/wp-json\/wp\/v2\/pages\/1289"}],"collection":[{"href":"https:\/\/www.elementosjavi.com\/cali\/wp-json\/wp\/v2\/pages"}],"about":[{"href":"https:\/\/www.elementosjavi.com\/cali\/wp-json\/wp\/v2\/types\/page"}],"author":[{"embeddable":true,"href":"https:\/\/www.elementosjavi.com\/cali\/wp-json\/wp\/v2\/users\/1"}],"replies":[{"embeddable":true,"href":"https:\/\/www.elementosjavi.com\/cali\/wp-json\/wp\/v2\/comments?post=1289"}],"version-history":[{"count":0,"href":"https:\/\/www.elementosjavi.com\/cali\/wp-json\/wp\/v2\/pages\/1289\/revisions"}],"wp:attachment":[{"href":"https:\/\/www.elementosjavi.com\/cali\/wp-json\/wp\/v2\/media?parent=1289"}],"curies":[{"name":"wp","href":"https:\/\/api.w.org\/{rel}","templated":true}]}}