{"id":1309,"date":"2022-09-27T04:14:19","date_gmt":"2022-09-26T21:14:19","guid":{"rendered":"https:\/\/ecoweb.com.co\/asoluciones\/?page_id=1309"},"modified":"2023-03-13T17:17:12","modified_gmt":"2023-03-13T22:17:12","slug":"filtros-hepa-importados","status":"publish","type":"page","link":"https:\/\/www.elementosjavi.com\/cali\/filtros-hepa-importados\/","title":{"rendered":"Filtros hepa importados"},"content":{"rendered":"<p>[vc_row css=\u00bb.vc_custom_1664281989139{padding-top: 70px !important;}\u00bb][vc_column][vc_column_text]<\/p>\n<p class=\"titulos\" style=\"text-align: center; color: #0066cc; font-weight: bold; font-size: 37pt; line-height: 1;\">FILTROS HEPA IMPORTADOS<\/p>\n<p>[\/vc_column_text][\/vc_column][\/vc_row][vc_row content_placement=\u00bbmiddle\u00bb css=\u00bb.vc_custom_1664281997000{padding-top: 60px !important;padding-bottom: 60px !important;}\u00bb][vc_column width=\u00bb1\/2&#8243;][vc_column_text]<\/p>\n<p style=\"font-size: 12pt; text-align: justify;\">Los filtros HEPA evitan la propagaci\u00f3n de bacterias y virus a trav\u00e9s del aire, por lo tanto, son muy importantes para prevenir infecciones. Se pueden fabricar con una eficiencia hasta del 99.995%, lo que asegura un alto nivel de protecci\u00f3n contra enfermedades que se transmitan por el aire.<\/p>\n<p style=\"font-size: 12pt; text-align: justify;\">Los filtros HEPA est\u00e1n compuestos por una malla de fibras dispuestas al azar. Las fibras t\u00edpicamente est\u00e1n compuestas por fibra de vidrio y con poros entre 0,5 y 2,0 \u03bcm.<\/p>\n<p style=\"font-size: 12pt; text-align: justify;\">Los factores m\u00e1s importantes a tener en cuenta en un filtro HEPA son el di\u00e1metro de las fibras, el espesor del filtro y la velocidad de las part\u00edculas. El espacio entre las fibras es mucho mayor de 0,3 \u03bcm, pero eso no significa que las part\u00edculas con un di\u00e1metro menor puedan pasar. A diferencia de los filtros de membrana los filtros HEPA est\u00e1n preparados para retener contaminantes y part\u00edculas mucho m\u00e1s peque\u00f1as.<\/p>\n<p style=\"text-align: left;\"><a class=\"vermas1\" href=\"http:\/\/www.filtroshepa.com.co\/\">VER M\u00c1S SOBRE ESTO<\/a><\/p>\n<p>[\/vc_column_text][\/vc_column][vc_column width=\u00bb1\/2&#8243;][vc_column_text]<img decoding=\"async\" class=\"aligncenter\" style=\"width: 500px;\" src=\"\/wp-content\/uploads\/2022\/09\/filtros_Hepa4.jpg\" alt=\"\" \/>[\/vc_column_text][\/vc_column][\/vc_row][vc_row css=\u00bb.vc_custom_1487709747612{padding-bottom: 60px !important;}\u00bb][vc_column][vc_column_text]<\/p>\n<p style=\"text-align: center;\"><div  id=\"jtg-1360\" class=\"modula modula-gallery modula-custom-grid\" data-config=\"{&quot;height&quot;:800,&quot;tabletHeight&quot;:800,&quot;mobileHeight&quot;:800,&quot;desktopHeight&quot;:800,&quot;enableTwitter&quot;:false,&quot;enableWhatsapp&quot;:false,&quot;enableFacebook&quot;:false,&quot;enablePinterest&quot;:false,&quot;enableLinkedin&quot;:false,&quot;enableEmail&quot;:false,&quot;randomFactor&quot;:0.5,&quot;type&quot;:&quot;custom-grid&quot;,&quot;columns&quot;:12,&quot;gutter&quot;:10,&quot;mobileGutter&quot;:10,&quot;tabletGutter&quot;:10,&quot;desktopGutter&quot;:10,&quot;enableResponsive&quot;:&quot;0&quot;,&quot;tabletColumns&quot;:&quot;2&quot;,&quot;mobileColumns&quot;:&quot;1&quot;,&quot;lazyLoad&quot;:0,&quot;lightboxOpts&quot;:{&quot;animated&quot;:true,&quot;Thumbs&quot;:{&quot;type&quot;:&quot;modern&quot;,&quot;showOnStart&quot;:false},&quot;Toolbar&quot;:{&quot;display&quot;:{&quot;right&quot;:[&quot;close&quot;]},&quot;enabled&quot;:true},&quot;Carousel&quot;:{&quot;Panzoom&quot;:{&quot;touch&quot;:true},&quot;infinite&quot;:false},&quot;keyboard&quot;:{&quot;Escape&quot;:&quot;close&quot;,&quot;Delete&quot;:&quot;close&quot;,&quot;Backspace&quot;:&quot;close&quot;,&quot;PageUp&quot;:false,&quot;PageDown&quot;:false,&quot;ArrowUp&quot;:false,&quot;ArrowDown&quot;:false,&quot;ArrowRight&quot;:false,&quot;ArrowLeft&quot;:false},&quot;touch&quot;:false,&quot;backdropClick&quot;:false,&quot;l10n&quot;:{&quot;CLOSE&quot;:&quot;Cerrar&quot;,&quot;NEXT&quot;:&quot;Siguiente&quot;,&quot;PREV&quot;:&quot;Anterior&quot;,&quot;Error&quot;:&quot;No se ha podido cargar el contenido solicitado. Por favor, int\\u00e9ntalo de nuevo m\\u00e1s tarde.&quot;,&quot;PLAY_START&quot;:&quot;Empezar la presentaci\\u00f3n&quot;,&quot;PLAY_STOP&quot;:&quot;Pausar la presentaci\\u00f3n&quot;,&quot;FULL_SCREEN&quot;:&quot;Pantalla completa&quot;,&quot;THUMBS&quot;:&quot;Miniaturas&quot;,&quot;DOWNLOAD&quot;:&quot;Descargar&quot;,&quot;SHARE&quot;:&quot;Compartir&quot;,&quot;ZOOM&quot;:&quot;Zoom&quot;,&quot;EMAIL&quot;:&quot;Here is the link to the image : %%image_link%% and this is the link to the gallery : %%gallery_link%%&quot;,&quot;MODAL&quot;:&quot;Puedes cerrar este contenido emergente con la tecla ESC&quot;,&quot;ERROR&quot;:&quot;Algo ha ido mal, pro favor, prueba de nuevo m\\u00e1s tarde&quot;,&quot;IMAGE_ERROR&quot;:&quot;Imagen no encontrada&quot;,&quot;ELEMENT_NOT_FOUND&quot;:&quot;No se ha encontrado el elemento HTML&quot;,&quot;AJAX_NOT_FOUND&quot;:&quot;Error al cargar AJAX: No encontrado&quot;,&quot;AJAX_FORBIDDEN&quot;:&quot;Error al cargar AJAX: Prohibido&quot;,&quot;IFRAME_ERROR&quot;:&quot;Error al cargar la p\\u00e1gina&quot;,&quot;TOGGLE_ZOOM&quot;:&quot;Alternar nivel de ampliar\\\/acercar&quot;,&quot;TOGGLE_THUMBS&quot;:&quot;Alternar miniaturas&quot;,&quot;TOGGLE_SLIDESHOW&quot;:&quot;Alternar diapositiva&quot;,&quot;TOGGLE_FULLSCREEN&quot;:&quot;Cambiar al modo de pantalla completa&quot;},&quot;Images&quot;:{&quot;Panzoom&quot;:{&quot;maxScale&quot;:2}},&quot;mainClass&quot;:&quot;modula-fancybox-container modula-lightbox-jtg-1360&quot;,&quot;Html&quot;:{&quot;videoAutoplay&quot;:0,&quot;videoTpl&quot;:&quot;&lt;video class=\\&quot;fancybox__html5video\\&quot; controls muted playsinline controlsList controlsList=\\&quot;nodownload\\&quot; poster=\\&quot;{{poster}}\\&quot; src=\\&quot;{{src}}\\&quot; type=\\&quot;{{format}}\\&quot; &gt;  Sorry, your browser doesn&#039;t support embedded videos, &lt;a href=\\&quot;{{src}}\\&quot;&gt; download &lt;\\\/a&gt; and watch with your favorite video player! &lt;\\\/video&gt;&quot;}},&quot;inView&quot;:false,&quot;email_subject&quot;:&quot;Check out this awesome image !!&quot;,&quot;email_message&quot;:&quot;Here is the link to the image : %%image_link%% and this is the link to the gallery : %%gallery_link%%&quot;,&quot;lightbox&quot;:&quot;fancybox&quot;}\">\n\n\t\n\t<div  class=\"modula-items\">\n\t\t<div class=\"modula-item effect-pufrobo\" data-width=\"6\" data-height=\"3\" >\n\t<div class=\"modula-item-overlay\"><\/div>\n\n\t<div class=\"modula-item-content\">\n\n\t\t\t\t\n\t\t\t\t\t<a data-image-id=\"1361\" role=\"button\" tabindex=\"0\" rel=\"jtg-1360\" data-caption=\"\" aria-label=\"Abrir la imagen en una caja de luz\" class=\"tile-inner modula-item-link\"><\/a>\n\t\t\n\t\t<img loading=\"lazy\" decoding=\"async\" class=\"pic wp-image-1361\"  data-valign=\"middle\" data-halign=\"center\" alt=\"\" data-full=\"https:\/\/www.elementosjavi.com\/cali\/wp-content\/uploads\/2022\/09\/astrocel-i.jpg\" title=\"astrocel-i\" width=\"1000\" height=\"450\" src=\"https:\/\/www.elementosjavi.com\/cali\/wp-content\/uploads\/2022\/09\/astrocel-i.jpg\" data-src=\"https:\/\/www.elementosjavi.com\/cali\/wp-content\/uploads\/2022\/09\/astrocel-i.jpg\" data-caption=\"\" srcset=\"https:\/\/www.elementosjavi.com\/cali\/wp-content\/uploads\/2022\/09\/astrocel-i.jpg 1000w, https:\/\/www.elementosjavi.com\/cali\/wp-content\/uploads\/2022\/09\/astrocel-i-300x135.jpg 300w, https:\/\/www.elementosjavi.com\/cali\/wp-content\/uploads\/2022\/09\/astrocel-i-768x346.jpg 768w\" sizes=\"(max-width: 1000px) 100vw, 1000px\" \/>\n\t\t<div class=\"figc no-description\">\n\t\t\t<div class=\"figc-inner\">\n\t\t\t\t\t\t\t\t\t\t\t\t\t\t\t<\/div>\n\t\t<\/div>\n\n\t<\/div>\n\n<\/div><div class=\"modula-item effect-pufrobo\" data-width=\"6\" data-height=\"3\" >\n\t<div class=\"modula-item-overlay\"><\/div>\n\n\t<div class=\"modula-item-content\">\n\n\t\t\t\t\n\t\t\t\t\t<a data-image-id=\"1362\" role=\"button\" tabindex=\"0\" rel=\"jtg-1360\" data-caption=\"\" aria-label=\"Abrir la imagen en una caja de luz\" class=\"tile-inner modula-item-link\"><\/a>\n\t\t\n\t\t<img loading=\"lazy\" decoding=\"async\" class=\"pic wp-image-1362\"  data-valign=\"middle\" data-halign=\"center\" alt=\"\" data-full=\"https:\/\/www.elementosjavi.com\/cali\/wp-content\/uploads\/2022\/09\/filtros-tipo-pocket-1.jpg\" title=\"filtros-tipo-pocket-1\" width=\"1000\" height=\"450\" src=\"https:\/\/www.elementosjavi.com\/cali\/wp-content\/uploads\/2022\/09\/filtros-tipo-pocket-1.jpg\" data-src=\"https:\/\/www.elementosjavi.com\/cali\/wp-content\/uploads\/2022\/09\/filtros-tipo-pocket-1.jpg\" data-caption=\"\" srcset=\"https:\/\/www.elementosjavi.com\/cali\/wp-content\/uploads\/2022\/09\/filtros-tipo-pocket-1.jpg 1000w, https:\/\/www.elementosjavi.com\/cali\/wp-content\/uploads\/2022\/09\/filtros-tipo-pocket-1-300x135.jpg 300w, https:\/\/www.elementosjavi.com\/cali\/wp-content\/uploads\/2022\/09\/filtros-tipo-pocket-1-768x346.jpg 768w\" sizes=\"(max-width: 1000px) 100vw, 1000px\" \/>\n\t\t<div class=\"figc no-description\">\n\t\t\t<div class=\"figc-inner\">\n\t\t\t\t\t\t\t\t\t\t\t\t\t\t\t<\/div>\n\t\t<\/div>\n\n\t<\/div>\n\n<\/div><div class=\"modula-item effect-pufrobo\" data-width=\"6\" data-height=\"3\" >\n\t<div class=\"modula-item-overlay\"><\/div>\n\n\t<div class=\"modula-item-content\">\n\n\t\t\t\t\n\t\t\t\t\t<a data-image-id=\"1363\" role=\"button\" tabindex=\"0\" rel=\"jtg-1360\" data-caption=\"\" aria-label=\"Abrir la imagen en una caja de luz\" class=\"tile-inner modula-item-link\"><\/a>\n\t\t\n\t\t<img loading=\"lazy\" decoding=\"async\" class=\"pic wp-image-1363\"  data-valign=\"middle\" data-halign=\"center\" alt=\"\" data-full=\"https:\/\/www.elementosjavi.com\/cali\/wp-content\/uploads\/2022\/09\/filtros-varicel-v.jpg\" title=\"filtros-varicel-v\" width=\"1000\" height=\"450\" src=\"https:\/\/www.elementosjavi.com\/cali\/wp-content\/uploads\/2022\/09\/filtros-varicel-v.jpg\" data-src=\"https:\/\/www.elementosjavi.com\/cali\/wp-content\/uploads\/2022\/09\/filtros-varicel-v.jpg\" data-caption=\"\" srcset=\"https:\/\/www.elementosjavi.com\/cali\/wp-content\/uploads\/2022\/09\/filtros-varicel-v.jpg 1000w, https:\/\/www.elementosjavi.com\/cali\/wp-content\/uploads\/2022\/09\/filtros-varicel-v-300x135.jpg 300w, https:\/\/www.elementosjavi.com\/cali\/wp-content\/uploads\/2022\/09\/filtros-varicel-v-768x346.jpg 768w\" sizes=\"(max-width: 1000px) 100vw, 1000px\" \/>\n\t\t<div class=\"figc no-description\">\n\t\t\t<div class=\"figc-inner\">\n\t\t\t\t\t\t\t\t\t\t\t\t\t\t\t<\/div>\n\t\t<\/div>\n\n\t<\/div>\n\n<\/div><div class=\"modula-item effect-pufrobo\" data-width=\"6\" data-height=\"3\" >\n\t<div class=\"modula-item-overlay\"><\/div>\n\n\t<div class=\"modula-item-content\">\n\n\t\t\t\t\n\t\t\t\t\t<a data-image-id=\"1364\" role=\"button\" tabindex=\"0\" rel=\"jtg-1360\" data-caption=\"\" aria-label=\"Abrir la imagen en una caja de luz\" class=\"tile-inner modula-item-link\"><\/a>\n\t\t\n\t\t<img loading=\"lazy\" decoding=\"async\" class=\"pic wp-image-1364\"  data-valign=\"middle\" data-halign=\"center\" alt=\"\" data-full=\"https:\/\/www.elementosjavi.com\/cali\/wp-content\/uploads\/2022\/09\/hepa-varicel-ii-miniplizado.jpg\" title=\"hepa-varicel-ii-miniplizado\" width=\"1000\" height=\"450\" src=\"https:\/\/www.elementosjavi.com\/cali\/wp-content\/uploads\/2022\/09\/hepa-varicel-ii-miniplizado.jpg\" data-src=\"https:\/\/www.elementosjavi.com\/cali\/wp-content\/uploads\/2022\/09\/hepa-varicel-ii-miniplizado.jpg\" data-caption=\"\" srcset=\"https:\/\/www.elementosjavi.com\/cali\/wp-content\/uploads\/2022\/09\/hepa-varicel-ii-miniplizado.jpg 1000w, https:\/\/www.elementosjavi.com\/cali\/wp-content\/uploads\/2022\/09\/hepa-varicel-ii-miniplizado-300x135.jpg 300w, https:\/\/www.elementosjavi.com\/cali\/wp-content\/uploads\/2022\/09\/hepa-varicel-ii-miniplizado-768x346.jpg 768w\" sizes=\"(max-width: 1000px) 100vw, 1000px\" \/>\n\t\t<div class=\"figc no-description\">\n\t\t\t<div class=\"figc-inner\">\n\t\t\t\t\t\t\t\t\t\t\t\t\t\t\t<\/div>\n\t\t<\/div>\n\n\t<\/div>\n\n<\/div>\t\t\n\t<\/div>\n\n\t\n\t\n\t<script type=\"application\/ld+json\">\n\t{\n\t\t\"@context\": \"http:\/\/schema.org\",\n\t\t\"@type\"   : \"ImageGallery\",\n\t\t\"id\"      : \"https:\/\/www.elementosjavi.com\/cali\/filtros-hepa-importados\/\",\n\t\t\"url\"     : \"https:\/\/www.elementosjavi.com\/cali\/filtros-hepa-importados\/\"\n\t}\n\n\t<\/script>\n\n\t\n<\/div>\n<p>[\/vc_column_text][\/vc_column][\/vc_row]<\/p>\n","protected":false},"excerpt":{"rendered":"<p>[vc_row css=\u00bb.vc_custom_1664281989139{padding-top: 70px !important;}\u00bb][vc_column][vc_column_text] FILTROS HEPA IMPORTADOS [\/vc_column_text][\/vc_column][\/vc_row][vc_row content_placement=\u00bbmiddle\u00bb css=\u00bb.vc_custom_1664281997000{padding-top: 60px !important;padding-bottom: 60px !important;}\u00bb][vc_column width=\u00bb1\/2&#8243;][vc_column_text] Los filtros HEPA evitan la&#8230;<\/p>\n","protected":false},"author":1,"featured_media":0,"parent":0,"menu_order":0,"comment_status":"closed","ping_status":"closed","template":"","meta":{"_joinchat":[],"footnotes":""},"class_list":["post-1309","page","type-page","status-publish","hentry"],"yoast_head":"<!-- This site is optimized with the Yoast SEO plugin v25.6 - https:\/\/yoast.com\/wordpress\/plugins\/seo\/ -->\n<title>Filtros hepa importados - Elementos Javi<\/title>\n<meta name=\"robots\" content=\"index, follow, max-snippet:-1, max-image-preview:large, max-video-preview:-1\" \/>\n<link rel=\"canonical\" href=\"https:\/\/www.elementosjavi.com\/cali\/filtros-hepa-importados\/\" \/>\n<meta property=\"og:locale\" content=\"es_ES\" \/>\n<meta property=\"og:type\" content=\"article\" \/>\n<meta property=\"og:title\" content=\"Filtros hepa importados - Elementos Javi\" \/>\n<meta property=\"og:description\" content=\"[vc_row css=\u00bb.vc_custom_1664281989139{padding-top: 70px !important;}\u00bb][vc_column][vc_column_text] FILTROS HEPA IMPORTADOS [\/vc_column_text][\/vc_column][\/vc_row][vc_row content_placement=\u00bbmiddle\u00bb css=\u00bb.vc_custom_1664281997000{padding-top: 60px !important;padding-bottom: 60px !important;}\u00bb][vc_column width=\u00bb1\/2&#8243;][vc_column_text] Los filtros HEPA evitan la...\" \/>\n<meta property=\"og:url\" content=\"https:\/\/www.elementosjavi.com\/cali\/filtros-hepa-importados\/\" \/>\n<meta property=\"og:site_name\" content=\"Elementos Javi\" \/>\n<meta property=\"article:modified_time\" content=\"2023-03-13T22:17:12+00:00\" \/>\n<meta name=\"twitter:card\" content=\"summary_large_image\" \/>\n<meta name=\"twitter:label1\" content=\"Tiempo de lectura\" \/>\n\t<meta name=\"twitter:data1\" content=\"1 minuto\" \/>\n<script type=\"application\/ld+json\" class=\"yoast-schema-graph\">{\"@context\":\"https:\/\/schema.org\",\"@graph\":[{\"@type\":\"WebPage\",\"@id\":\"https:\/\/www.elementosjavi.com\/cali\/filtros-hepa-importados\/\",\"url\":\"https:\/\/www.elementosjavi.com\/cali\/filtros-hepa-importados\/\",\"name\":\"Filtros hepa importados - Elementos Javi\",\"isPartOf\":{\"@id\":\"https:\/\/www.elementosjavi.com\/cali\/#website\"},\"datePublished\":\"2022-09-26T21:14:19+00:00\",\"dateModified\":\"2023-03-13T22:17:12+00:00\",\"breadcrumb\":{\"@id\":\"https:\/\/www.elementosjavi.com\/cali\/filtros-hepa-importados\/#breadcrumb\"},\"inLanguage\":\"es\",\"potentialAction\":[{\"@type\":\"ReadAction\",\"target\":[\"https:\/\/www.elementosjavi.com\/cali\/filtros-hepa-importados\/\"]}]},{\"@type\":\"BreadcrumbList\",\"@id\":\"https:\/\/www.elementosjavi.com\/cali\/filtros-hepa-importados\/#breadcrumb\",\"itemListElement\":[{\"@type\":\"ListItem\",\"position\":1,\"name\":\"Portada\",\"item\":\"https:\/\/www.elementosjavi.com\/cali\/\"},{\"@type\":\"ListItem\",\"position\":2,\"name\":\"Filtros hepa importados\"}]},{\"@type\":\"WebSite\",\"@id\":\"https:\/\/www.elementosjavi.com\/cali\/#website\",\"url\":\"https:\/\/www.elementosjavi.com\/cali\/\",\"name\":\"Elementos Javi\",\"description\":\"Filtros Especiales Cali\",\"potentialAction\":[{\"@type\":\"SearchAction\",\"target\":{\"@type\":\"EntryPoint\",\"urlTemplate\":\"https:\/\/www.elementosjavi.com\/cali\/?s={search_term_string}\"},\"query-input\":{\"@type\":\"PropertyValueSpecification\",\"valueRequired\":true,\"valueName\":\"search_term_string\"}}],\"inLanguage\":\"es\"}]}<\/script>\n<!-- \/ Yoast SEO plugin. -->","yoast_head_json":{"title":"Filtros hepa importados - Elementos Javi","robots":{"index":"index","follow":"follow","max-snippet":"max-snippet:-1","max-image-preview":"max-image-preview:large","max-video-preview":"max-video-preview:-1"},"canonical":"https:\/\/www.elementosjavi.com\/cali\/filtros-hepa-importados\/","og_locale":"es_ES","og_type":"article","og_title":"Filtros hepa importados - Elementos Javi","og_description":"[vc_row css=\u00bb.vc_custom_1664281989139{padding-top: 70px !important;}\u00bb][vc_column][vc_column_text] FILTROS HEPA IMPORTADOS [\/vc_column_text][\/vc_column][\/vc_row][vc_row content_placement=\u00bbmiddle\u00bb css=\u00bb.vc_custom_1664281997000{padding-top: 60px !important;padding-bottom: 60px !important;}\u00bb][vc_column width=\u00bb1\/2&#8243;][vc_column_text] Los filtros HEPA evitan la...","og_url":"https:\/\/www.elementosjavi.com\/cali\/filtros-hepa-importados\/","og_site_name":"Elementos Javi","article_modified_time":"2023-03-13T22:17:12+00:00","twitter_card":"summary_large_image","twitter_misc":{"Tiempo de lectura":"1 minuto"},"schema":{"@context":"https:\/\/schema.org","@graph":[{"@type":"WebPage","@id":"https:\/\/www.elementosjavi.com\/cali\/filtros-hepa-importados\/","url":"https:\/\/www.elementosjavi.com\/cali\/filtros-hepa-importados\/","name":"Filtros hepa importados - Elementos Javi","isPartOf":{"@id":"https:\/\/www.elementosjavi.com\/cali\/#website"},"datePublished":"2022-09-26T21:14:19+00:00","dateModified":"2023-03-13T22:17:12+00:00","breadcrumb":{"@id":"https:\/\/www.elementosjavi.com\/cali\/filtros-hepa-importados\/#breadcrumb"},"inLanguage":"es","potentialAction":[{"@type":"ReadAction","target":["https:\/\/www.elementosjavi.com\/cali\/filtros-hepa-importados\/"]}]},{"@type":"BreadcrumbList","@id":"https:\/\/www.elementosjavi.com\/cali\/filtros-hepa-importados\/#breadcrumb","itemListElement":[{"@type":"ListItem","position":1,"name":"Portada","item":"https:\/\/www.elementosjavi.com\/cali\/"},{"@type":"ListItem","position":2,"name":"Filtros hepa importados"}]},{"@type":"WebSite","@id":"https:\/\/www.elementosjavi.com\/cali\/#website","url":"https:\/\/www.elementosjavi.com\/cali\/","name":"Elementos Javi","description":"Filtros Especiales Cali","potentialAction":[{"@type":"SearchAction","target":{"@type":"EntryPoint","urlTemplate":"https:\/\/www.elementosjavi.com\/cali\/?s={search_term_string}"},"query-input":{"@type":"PropertyValueSpecification","valueRequired":true,"valueName":"search_term_string"}}],"inLanguage":"es"}]}},"_links":{"self":[{"href":"https:\/\/www.elementosjavi.com\/cali\/wp-json\/wp\/v2\/pages\/1309"}],"collection":[{"href":"https:\/\/www.elementosjavi.com\/cali\/wp-json\/wp\/v2\/pages"}],"about":[{"href":"https:\/\/www.elementosjavi.com\/cali\/wp-json\/wp\/v2\/types\/page"}],"author":[{"embeddable":true,"href":"https:\/\/www.elementosjavi.com\/cali\/wp-json\/wp\/v2\/users\/1"}],"replies":[{"embeddable":true,"href":"https:\/\/www.elementosjavi.com\/cali\/wp-json\/wp\/v2\/comments?post=1309"}],"version-history":[{"count":0,"href":"https:\/\/www.elementosjavi.com\/cali\/wp-json\/wp\/v2\/pages\/1309\/revisions"}],"wp:attachment":[{"href":"https:\/\/www.elementosjavi.com\/cali\/wp-json\/wp\/v2\/media?parent=1309"}],"curies":[{"name":"wp","href":"https:\/\/api.w.org\/{rel}","templated":true}]}}