{"id":1318,"date":"2022-09-27T04:24:37","date_gmt":"2022-09-26T21:24:37","guid":{"rendered":"https:\/\/ecoweb.com.co\/asoluciones\/?page_id=1318"},"modified":"2022-09-27T04:24:37","modified_gmt":"2022-09-26T21:24:37","slug":"filtros-techo","status":"publish","type":"page","link":"https:\/\/www.elementosjavi.com\/cali\/filtros-techo\/","title":{"rendered":"Filtros techo"},"content":{"rendered":"<p>[vc_row css=\u00bb.vc_custom_1664227377659{padding-top: 70px !important;}\u00bb][vc_column][vc_column_text]<\/p>\n<p class=\"titulos\" style=\"text-align: center; color: #0066cc; font-weight: bold; font-size: 37pt; line-height: 1;\">FILTROS TECHO<\/p>\n<p>[\/vc_column_text][\/vc_column][\/vc_row][vc_row content_placement=\u00bbmiddle\u00bb css=\u00bb.vc_custom_1664227466734{padding-top: 60px !important;padding-bottom: 60px !important;}\u00bb][vc_column width=\u00bb1\/2&#8243; css=\u00bb.vc_custom_1562776342915{margin-top: 5% !important;}\u00bb][vc_column_text]<\/p>\n<p style=\"font-size: 12pt; text-align: justify;\">Es una media filtrante no tejida compuesta de fibras sint\u00e9ticas irrompibles. Es un medio esencial de depuraci\u00f3n de aire antes de la penetraci\u00f3n en la cabina de pintura (pegamento, pintura, tinta, barniz, resina de poli\u00e9ster, etc.), para obtener muy buen resultado final en retenci\u00f3n de polvos, en t\u00e9rminos de difusi\u00f3n y repartici\u00f3n del aire. El filtro techo permite equipar todas las cabinas de pintura, ya sean de ventilaci\u00f3n vertical, semivertical u horizontal. Estas fibras son termo-soldadas y reforzadas por una trama. Este filtro permite capturar los polvos, las part\u00edculas finas y de este modo purificar el aire que entra dentro de la cabina de pintura.<\/p>\n<p>[\/vc_column_text][\/vc_column][vc_column width=\u00bb1\/2&#8243;][vc_images_carousel images=\u00bb1319,1320,1321&#8243; img_size=\u00bbfull\u00bb onclick=\u00bblink_no\u00bb css=\u00bb.vc_custom_1664227450164{padding-left: 5% !important;}\u00bb][\/vc_column][\/vc_row]<\/p>\n","protected":false},"excerpt":{"rendered":"<p>[vc_row css=\u00bb.vc_custom_1664227377659{padding-top: 70px !important;}\u00bb][vc_column][vc_column_text] FILTROS TECHO [\/vc_column_text][\/vc_column][\/vc_row][vc_row content_placement=\u00bbmiddle\u00bb css=\u00bb.vc_custom_1664227466734{padding-top: 60px !important;padding-bottom: 60px !important;}\u00bb][vc_column width=\u00bb1\/2&#8243; css=\u00bb.vc_custom_1562776342915{margin-top: 5% !important;}\u00bb][vc_column_text] Es una media&#8230;<\/p>\n","protected":false},"author":1,"featured_media":0,"parent":0,"menu_order":0,"comment_status":"closed","ping_status":"closed","template":"","meta":{"_joinchat":[],"footnotes":""},"class_list":["post-1318","page","type-page","status-publish","hentry"],"yoast_head":"<!-- This site is optimized with the Yoast SEO plugin v25.6 - https:\/\/yoast.com\/wordpress\/plugins\/seo\/ -->\n<title>Filtros techo - Elementos Javi<\/title>\n<meta name=\"robots\" content=\"index, follow, max-snippet:-1, max-image-preview:large, max-video-preview:-1\" \/>\n<link rel=\"canonical\" href=\"https:\/\/www.elementosjavi.com\/cali\/filtros-techo\/\" \/>\n<meta property=\"og:locale\" content=\"es_ES\" \/>\n<meta property=\"og:type\" content=\"article\" \/>\n<meta property=\"og:title\" content=\"Filtros techo - Elementos Javi\" \/>\n<meta property=\"og:description\" content=\"[vc_row css=\u00bb.vc_custom_1664227377659{padding-top: 70px !important;}\u00bb][vc_column][vc_column_text] FILTROS TECHO [\/vc_column_text][\/vc_column][\/vc_row][vc_row content_placement=\u00bbmiddle\u00bb css=\u00bb.vc_custom_1664227466734{padding-top: 60px !important;padding-bottom: 60px !important;}\u00bb][vc_column width=\u00bb1\/2&#8243; css=\u00bb.vc_custom_1562776342915{margin-top: 5% !important;}\u00bb][vc_column_text] Es una media...\" \/>\n<meta property=\"og:url\" content=\"https:\/\/www.elementosjavi.com\/cali\/filtros-techo\/\" \/>\n<meta property=\"og:site_name\" content=\"Elementos Javi\" \/>\n<meta name=\"twitter:card\" content=\"summary_large_image\" \/>\n<meta name=\"twitter:label1\" content=\"Tiempo de lectura\" \/>\n\t<meta name=\"twitter:data1\" content=\"1 minuto\" \/>\n<script type=\"application\/ld+json\" class=\"yoast-schema-graph\">{\"@context\":\"https:\/\/schema.org\",\"@graph\":[{\"@type\":\"WebPage\",\"@id\":\"https:\/\/www.elementosjavi.com\/cali\/filtros-techo\/\",\"url\":\"https:\/\/www.elementosjavi.com\/cali\/filtros-techo\/\",\"name\":\"Filtros techo - Elementos Javi\",\"isPartOf\":{\"@id\":\"https:\/\/www.elementosjavi.com\/cali\/#website\"},\"datePublished\":\"2022-09-26T21:24:37+00:00\",\"breadcrumb\":{\"@id\":\"https:\/\/www.elementosjavi.com\/cali\/filtros-techo\/#breadcrumb\"},\"inLanguage\":\"es\",\"potentialAction\":[{\"@type\":\"ReadAction\",\"target\":[\"https:\/\/www.elementosjavi.com\/cali\/filtros-techo\/\"]}]},{\"@type\":\"BreadcrumbList\",\"@id\":\"https:\/\/www.elementosjavi.com\/cali\/filtros-techo\/#breadcrumb\",\"itemListElement\":[{\"@type\":\"ListItem\",\"position\":1,\"name\":\"Portada\",\"item\":\"https:\/\/www.elementosjavi.com\/cali\/\"},{\"@type\":\"ListItem\",\"position\":2,\"name\":\"Filtros techo\"}]},{\"@type\":\"WebSite\",\"@id\":\"https:\/\/www.elementosjavi.com\/cali\/#website\",\"url\":\"https:\/\/www.elementosjavi.com\/cali\/\",\"name\":\"Elementos Javi\",\"description\":\"Filtros Especiales Cali\",\"potentialAction\":[{\"@type\":\"SearchAction\",\"target\":{\"@type\":\"EntryPoint\",\"urlTemplate\":\"https:\/\/www.elementosjavi.com\/cali\/?s={search_term_string}\"},\"query-input\":{\"@type\":\"PropertyValueSpecification\",\"valueRequired\":true,\"valueName\":\"search_term_string\"}}],\"inLanguage\":\"es\"}]}<\/script>\n<!-- \/ Yoast SEO plugin. -->","yoast_head_json":{"title":"Filtros techo - Elementos Javi","robots":{"index":"index","follow":"follow","max-snippet":"max-snippet:-1","max-image-preview":"max-image-preview:large","max-video-preview":"max-video-preview:-1"},"canonical":"https:\/\/www.elementosjavi.com\/cali\/filtros-techo\/","og_locale":"es_ES","og_type":"article","og_title":"Filtros techo - Elementos Javi","og_description":"[vc_row css=\u00bb.vc_custom_1664227377659{padding-top: 70px !important;}\u00bb][vc_column][vc_column_text] FILTROS TECHO [\/vc_column_text][\/vc_column][\/vc_row][vc_row content_placement=\u00bbmiddle\u00bb css=\u00bb.vc_custom_1664227466734{padding-top: 60px !important;padding-bottom: 60px !important;}\u00bb][vc_column width=\u00bb1\/2&#8243; css=\u00bb.vc_custom_1562776342915{margin-top: 5% !important;}\u00bb][vc_column_text] Es una media...","og_url":"https:\/\/www.elementosjavi.com\/cali\/filtros-techo\/","og_site_name":"Elementos Javi","twitter_card":"summary_large_image","twitter_misc":{"Tiempo de lectura":"1 minuto"},"schema":{"@context":"https:\/\/schema.org","@graph":[{"@type":"WebPage","@id":"https:\/\/www.elementosjavi.com\/cali\/filtros-techo\/","url":"https:\/\/www.elementosjavi.com\/cali\/filtros-techo\/","name":"Filtros techo - Elementos Javi","isPartOf":{"@id":"https:\/\/www.elementosjavi.com\/cali\/#website"},"datePublished":"2022-09-26T21:24:37+00:00","breadcrumb":{"@id":"https:\/\/www.elementosjavi.com\/cali\/filtros-techo\/#breadcrumb"},"inLanguage":"es","potentialAction":[{"@type":"ReadAction","target":["https:\/\/www.elementosjavi.com\/cali\/filtros-techo\/"]}]},{"@type":"BreadcrumbList","@id":"https:\/\/www.elementosjavi.com\/cali\/filtros-techo\/#breadcrumb","itemListElement":[{"@type":"ListItem","position":1,"name":"Portada","item":"https:\/\/www.elementosjavi.com\/cali\/"},{"@type":"ListItem","position":2,"name":"Filtros techo"}]},{"@type":"WebSite","@id":"https:\/\/www.elementosjavi.com\/cali\/#website","url":"https:\/\/www.elementosjavi.com\/cali\/","name":"Elementos Javi","description":"Filtros Especiales Cali","potentialAction":[{"@type":"SearchAction","target":{"@type":"EntryPoint","urlTemplate":"https:\/\/www.elementosjavi.com\/cali\/?s={search_term_string}"},"query-input":{"@type":"PropertyValueSpecification","valueRequired":true,"valueName":"search_term_string"}}],"inLanguage":"es"}]}},"_links":{"self":[{"href":"https:\/\/www.elementosjavi.com\/cali\/wp-json\/wp\/v2\/pages\/1318"}],"collection":[{"href":"https:\/\/www.elementosjavi.com\/cali\/wp-json\/wp\/v2\/pages"}],"about":[{"href":"https:\/\/www.elementosjavi.com\/cali\/wp-json\/wp\/v2\/types\/page"}],"author":[{"embeddable":true,"href":"https:\/\/www.elementosjavi.com\/cali\/wp-json\/wp\/v2\/users\/1"}],"replies":[{"embeddable":true,"href":"https:\/\/www.elementosjavi.com\/cali\/wp-json\/wp\/v2\/comments?post=1318"}],"version-history":[{"count":0,"href":"https:\/\/www.elementosjavi.com\/cali\/wp-json\/wp\/v2\/pages\/1318\/revisions"}],"wp:attachment":[{"href":"https:\/\/www.elementosjavi.com\/cali\/wp-json\/wp\/v2\/media?parent=1318"}],"curies":[{"name":"wp","href":"https:\/\/api.w.org\/{rel}","templated":true}]}}