{"id":1339,"date":"2022-09-27T04:39:57","date_gmt":"2022-09-26T21:39:57","guid":{"rendered":"https:\/\/ecoweb.com.co\/asoluciones\/?page_id=1339"},"modified":"2023-03-13T17:19:13","modified_gmt":"2023-03-13T22:19:13","slug":"portafolio-o-carcasas-inoxidables","status":"publish","type":"page","link":"https:\/\/www.elementosjavi.com\/cali\/portafolio-o-carcasas-inoxidables\/","title":{"rendered":"Portafolio o carcasas inoxidables"},"content":{"rendered":"<p>[vc_row content_placement=\u00bbmiddle\u00bb css=\u00bb.vc_custom_1664228390117{padding-top: 70px !important;}\u00bb][vc_column][vc_column_text]<\/p>\n<p class=\"titulos\" style=\"text-align: center; color: #0066cc; font-weight: bold; font-size: 37pt; line-height: 1;\">PORTAFILTRO O CARCASAS INOXIDABLES<\/p>\n<p>[\/vc_column_text][\/vc_column][\/vc_row][vc_row content_placement=\u00bbmiddle\u00bb css=\u00bb.vc_custom_1664228379668{padding-top: 60px !important;padding-bottom: 60px !important;}\u00bb][vc_column width=\u00bb1\/2&#8243;][vc_column_text]<\/p>\n<p style=\"font-size: 12pt; text-align: justify;\">Los portafiltros tienen una amplia variedad de aplicaciones en la industria de alimentos, cosm\u00e9tica y qu\u00edmicas. Son altamente eficientes, vers\u00e1tiles, de f\u00e1cil operaci\u00f3n, extremadamente durables, seguros y de f\u00e1cil instalaci\u00f3n.<\/p>\n<p style=\"font-size: 12pt; text-align: justify;\">Son una excelente opci\u00f3n para aplicaciones que requieren un alto volumen de flu\u00eddo y altas presiones. Son ideales para aplicaciones con altas concentraciones de s\u00f3lidos. Se utilizan para filtrar part\u00edculas que pueden da\u00f1ar bombas y otros equipos.<\/p>\n<p style=\"font-size: 12pt; text-align: justify;\">El filtro usado puede ser en canastilla o filtro de pliegues para mayor \u00e1rea filtrante para atrapar el material particulado. Los filtros pueden lavarse y reutilizarse.<\/p>\n<p style=\"font-size: 12pt; text-align: justify;\">Dise\u00f1amos a medida con conexiones bridadas, roscadas o sanitarias, con puerto para man\u00f3metro y drenado, empaques de sellado.<\/p>\n<p style=\"font-size: 12pt; text-align: justify;\">Fabricamos portafiltros para filtros multicartuchos, cartucho sencillo y de bolsa.<\/p>\n<p>[\/vc_column_text][\/vc_column][vc_column width=\u00bb1\/2&#8243;][vc_column_text]<img decoding=\"async\" class=\"aligncenter\" style=\"width: 500px;\" src=\"\/wp-content\/uploads\/2022\/09\/portafiltro_brida.gif\" alt=\"\" \/>[\/vc_column_text][\/vc_column][\/vc_row]<\/p>\n","protected":false},"excerpt":{"rendered":"<p>[vc_row content_placement=\u00bbmiddle\u00bb css=\u00bb.vc_custom_1664228390117{padding-top: 70px !important;}\u00bb][vc_column][vc_column_text] PORTAFILTRO O CARCASAS INOXIDABLES [\/vc_column_text][\/vc_column][\/vc_row][vc_row content_placement=\u00bbmiddle\u00bb css=\u00bb.vc_custom_1664228379668{padding-top: 60px !important;padding-bottom: 60px !important;}\u00bb][vc_column width=\u00bb1\/2&#8243;][vc_column_text] Los portafiltros tienen&#8230;<\/p>\n","protected":false},"author":1,"featured_media":0,"parent":0,"menu_order":0,"comment_status":"closed","ping_status":"closed","template":"","meta":{"_joinchat":[],"footnotes":""},"class_list":["post-1339","page","type-page","status-publish","hentry"],"yoast_head":"<!-- This site is optimized with the Yoast SEO plugin v25.6 - https:\/\/yoast.com\/wordpress\/plugins\/seo\/ -->\n<title>Portafolio o carcasas inoxidables - Elementos Javi<\/title>\n<meta name=\"robots\" content=\"index, follow, max-snippet:-1, max-image-preview:large, max-video-preview:-1\" \/>\n<link rel=\"canonical\" href=\"https:\/\/www.elementosjavi.com\/cali\/portafolio-o-carcasas-inoxidables\/\" \/>\n<meta property=\"og:locale\" content=\"es_ES\" \/>\n<meta property=\"og:type\" content=\"article\" \/>\n<meta property=\"og:title\" content=\"Portafolio o carcasas inoxidables - Elementos Javi\" \/>\n<meta property=\"og:description\" content=\"[vc_row content_placement=\u00bbmiddle\u00bb css=\u00bb.vc_custom_1664228390117{padding-top: 70px !important;}\u00bb][vc_column][vc_column_text] PORTAFILTRO O CARCASAS INOXIDABLES [\/vc_column_text][\/vc_column][\/vc_row][vc_row content_placement=\u00bbmiddle\u00bb css=\u00bb.vc_custom_1664228379668{padding-top: 60px !important;padding-bottom: 60px !important;}\u00bb][vc_column width=\u00bb1\/2&#8243;][vc_column_text] Los portafiltros tienen...\" \/>\n<meta property=\"og:url\" content=\"https:\/\/www.elementosjavi.com\/cali\/portafolio-o-carcasas-inoxidables\/\" \/>\n<meta property=\"og:site_name\" content=\"Elementos Javi\" \/>\n<meta property=\"article:modified_time\" content=\"2023-03-13T22:19:13+00:00\" \/>\n<meta name=\"twitter:card\" content=\"summary_large_image\" \/>\n<meta name=\"twitter:label1\" content=\"Tiempo de lectura\" \/>\n\t<meta name=\"twitter:data1\" content=\"1 minuto\" \/>\n<script type=\"application\/ld+json\" class=\"yoast-schema-graph\">{\"@context\":\"https:\/\/schema.org\",\"@graph\":[{\"@type\":\"WebPage\",\"@id\":\"https:\/\/www.elementosjavi.com\/cali\/portafolio-o-carcasas-inoxidables\/\",\"url\":\"https:\/\/www.elementosjavi.com\/cali\/portafolio-o-carcasas-inoxidables\/\",\"name\":\"Portafolio o carcasas inoxidables - Elementos Javi\",\"isPartOf\":{\"@id\":\"https:\/\/www.elementosjavi.com\/cali\/#website\"},\"datePublished\":\"2022-09-26T21:39:57+00:00\",\"dateModified\":\"2023-03-13T22:19:13+00:00\",\"breadcrumb\":{\"@id\":\"https:\/\/www.elementosjavi.com\/cali\/portafolio-o-carcasas-inoxidables\/#breadcrumb\"},\"inLanguage\":\"es\",\"potentialAction\":[{\"@type\":\"ReadAction\",\"target\":[\"https:\/\/www.elementosjavi.com\/cali\/portafolio-o-carcasas-inoxidables\/\"]}]},{\"@type\":\"BreadcrumbList\",\"@id\":\"https:\/\/www.elementosjavi.com\/cali\/portafolio-o-carcasas-inoxidables\/#breadcrumb\",\"itemListElement\":[{\"@type\":\"ListItem\",\"position\":1,\"name\":\"Portada\",\"item\":\"https:\/\/www.elementosjavi.com\/cali\/\"},{\"@type\":\"ListItem\",\"position\":2,\"name\":\"Portafolio o carcasas inoxidables\"}]},{\"@type\":\"WebSite\",\"@id\":\"https:\/\/www.elementosjavi.com\/cali\/#website\",\"url\":\"https:\/\/www.elementosjavi.com\/cali\/\",\"name\":\"Elementos Javi\",\"description\":\"Filtros Especiales Cali\",\"potentialAction\":[{\"@type\":\"SearchAction\",\"target\":{\"@type\":\"EntryPoint\",\"urlTemplate\":\"https:\/\/www.elementosjavi.com\/cali\/?s={search_term_string}\"},\"query-input\":{\"@type\":\"PropertyValueSpecification\",\"valueRequired\":true,\"valueName\":\"search_term_string\"}}],\"inLanguage\":\"es\"}]}<\/script>\n<!-- \/ Yoast SEO plugin. -->","yoast_head_json":{"title":"Portafolio o carcasas inoxidables - Elementos Javi","robots":{"index":"index","follow":"follow","max-snippet":"max-snippet:-1","max-image-preview":"max-image-preview:large","max-video-preview":"max-video-preview:-1"},"canonical":"https:\/\/www.elementosjavi.com\/cali\/portafolio-o-carcasas-inoxidables\/","og_locale":"es_ES","og_type":"article","og_title":"Portafolio o carcasas inoxidables - Elementos Javi","og_description":"[vc_row content_placement=\u00bbmiddle\u00bb css=\u00bb.vc_custom_1664228390117{padding-top: 70px !important;}\u00bb][vc_column][vc_column_text] PORTAFILTRO O CARCASAS INOXIDABLES [\/vc_column_text][\/vc_column][\/vc_row][vc_row content_placement=\u00bbmiddle\u00bb css=\u00bb.vc_custom_1664228379668{padding-top: 60px !important;padding-bottom: 60px !important;}\u00bb][vc_column width=\u00bb1\/2&#8243;][vc_column_text] Los portafiltros tienen...","og_url":"https:\/\/www.elementosjavi.com\/cali\/portafolio-o-carcasas-inoxidables\/","og_site_name":"Elementos Javi","article_modified_time":"2023-03-13T22:19:13+00:00","twitter_card":"summary_large_image","twitter_misc":{"Tiempo de lectura":"1 minuto"},"schema":{"@context":"https:\/\/schema.org","@graph":[{"@type":"WebPage","@id":"https:\/\/www.elementosjavi.com\/cali\/portafolio-o-carcasas-inoxidables\/","url":"https:\/\/www.elementosjavi.com\/cali\/portafolio-o-carcasas-inoxidables\/","name":"Portafolio o carcasas inoxidables - Elementos Javi","isPartOf":{"@id":"https:\/\/www.elementosjavi.com\/cali\/#website"},"datePublished":"2022-09-26T21:39:57+00:00","dateModified":"2023-03-13T22:19:13+00:00","breadcrumb":{"@id":"https:\/\/www.elementosjavi.com\/cali\/portafolio-o-carcasas-inoxidables\/#breadcrumb"},"inLanguage":"es","potentialAction":[{"@type":"ReadAction","target":["https:\/\/www.elementosjavi.com\/cali\/portafolio-o-carcasas-inoxidables\/"]}]},{"@type":"BreadcrumbList","@id":"https:\/\/www.elementosjavi.com\/cali\/portafolio-o-carcasas-inoxidables\/#breadcrumb","itemListElement":[{"@type":"ListItem","position":1,"name":"Portada","item":"https:\/\/www.elementosjavi.com\/cali\/"},{"@type":"ListItem","position":2,"name":"Portafolio o carcasas inoxidables"}]},{"@type":"WebSite","@id":"https:\/\/www.elementosjavi.com\/cali\/#website","url":"https:\/\/www.elementosjavi.com\/cali\/","name":"Elementos Javi","description":"Filtros Especiales Cali","potentialAction":[{"@type":"SearchAction","target":{"@type":"EntryPoint","urlTemplate":"https:\/\/www.elementosjavi.com\/cali\/?s={search_term_string}"},"query-input":{"@type":"PropertyValueSpecification","valueRequired":true,"valueName":"search_term_string"}}],"inLanguage":"es"}]}},"_links":{"self":[{"href":"https:\/\/www.elementosjavi.com\/cali\/wp-json\/wp\/v2\/pages\/1339"}],"collection":[{"href":"https:\/\/www.elementosjavi.com\/cali\/wp-json\/wp\/v2\/pages"}],"about":[{"href":"https:\/\/www.elementosjavi.com\/cali\/wp-json\/wp\/v2\/types\/page"}],"author":[{"embeddable":true,"href":"https:\/\/www.elementosjavi.com\/cali\/wp-json\/wp\/v2\/users\/1"}],"replies":[{"embeddable":true,"href":"https:\/\/www.elementosjavi.com\/cali\/wp-json\/wp\/v2\/comments?post=1339"}],"version-history":[{"count":0,"href":"https:\/\/www.elementosjavi.com\/cali\/wp-json\/wp\/v2\/pages\/1339\/revisions"}],"wp:attachment":[{"href":"https:\/\/www.elementosjavi.com\/cali\/wp-json\/wp\/v2\/media?parent=1339"}],"curies":[{"name":"wp","href":"https:\/\/api.w.org\/{rel}","templated":true}]}}