{"id":1346,"date":"2022-09-27T04:46:54","date_gmt":"2022-09-26T21:46:54","guid":{"rendered":"https:\/\/ecoweb.com.co\/asoluciones\/?page_id=1346"},"modified":"2023-03-13T17:21:01","modified_gmt":"2023-03-13T22:21:01","slug":"separadores-aire-aceite","status":"publish","type":"page","link":"https:\/\/www.elementosjavi.com\/cali\/separadores-aire-aceite\/","title":{"rendered":"Separadores aire &#8211; aceite"},"content":{"rendered":"<p>[vc_row css=\u00bb.vc_custom_1664228701871{padding-top: 70px !important;}\u00bb][vc_column][vc_column_text]<\/p>\n<p class=\"titulos\" style=\"text-align: center; color: #0066cc; font-weight: bold; font-size: 37pt; line-height: 1;\">SEPARADORES AIRE-ACEITE<\/p>\n<p>[\/vc_column_text][\/vc_column][\/vc_row][vc_row content_placement=\u00bbmiddle\u00bb css=\u00bb.vc_custom_1664228753293{padding-top: 60px !important;padding-bottom: 60px !important;}\u00bb][vc_column width=\u00bb1\/2&#8243;][vc_column_text]<\/p>\n<p style=\"font-size: 12pt; text-align: justify;\">Son cartuchos filtrantes que separan las finas gotitas de l\u00edquido del aire o un gas comprimido. El medio es altamente eficiente y su duraci\u00f3n muy prolongada. Retienen gotitas y s\u00f3lidos hasta de 1 micr\u00f3n.<\/p>\n<p style=\"font-size: 12pt; text-align: justify;\">Tienen uso especial para separar nieblas de aceite a la salida de bombas de vac\u00edo, reteniendo agua.<\/p>\n<p style=\"font-size: 12pt; text-align: justify;\">El fluido circula en sentido inverso al habitual, desde el centro hacia fuera, sobre el manto de material coalescente (microfibra importada) donde las peque\u00f1\u00edsimas gotas se juntan sobre las hebras de la microfibra, formando gotas m\u00e1s grandes que luego embeben la cubierta exterior de espuma de poliuretano, que por gravedad las conduce hacia el extremo inferior donde gotean.<\/p>\n<p>[\/vc_column_text][\/vc_column][vc_column width=\u00bb1\/2&#8243;][vc_column_text]<img decoding=\"async\" class=\"aligncenter\" style=\"width: 500px;\" src=\"\/wp-content\/uploads\/2022\/09\/separadoresaceite-1.gif\" alt=\"\" \/>[\/vc_column_text][\/vc_column][\/vc_row]<\/p>\n","protected":false},"excerpt":{"rendered":"<p>[vc_row css=\u00bb.vc_custom_1664228701871{padding-top: 70px !important;}\u00bb][vc_column][vc_column_text] SEPARADORES AIRE-ACEITE [\/vc_column_text][\/vc_column][\/vc_row][vc_row content_placement=\u00bbmiddle\u00bb css=\u00bb.vc_custom_1664228753293{padding-top: 60px !important;padding-bottom: 60px !important;}\u00bb][vc_column width=\u00bb1\/2&#8243;][vc_column_text] Son cartuchos filtrantes que separan las&#8230;<\/p>\n","protected":false},"author":1,"featured_media":0,"parent":0,"menu_order":0,"comment_status":"closed","ping_status":"closed","template":"","meta":{"_joinchat":[],"footnotes":""},"class_list":["post-1346","page","type-page","status-publish","hentry"],"yoast_head":"<!-- This site is optimized with the Yoast SEO plugin v25.6 - https:\/\/yoast.com\/wordpress\/plugins\/seo\/ -->\n<title>Separadores aire - aceite - Elementos Javi<\/title>\n<meta name=\"robots\" content=\"index, follow, max-snippet:-1, max-image-preview:large, max-video-preview:-1\" \/>\n<link rel=\"canonical\" href=\"https:\/\/www.elementosjavi.com\/cali\/separadores-aire-aceite\/\" \/>\n<meta property=\"og:locale\" content=\"es_ES\" \/>\n<meta property=\"og:type\" content=\"article\" \/>\n<meta property=\"og:title\" content=\"Separadores aire - aceite - Elementos Javi\" \/>\n<meta property=\"og:description\" content=\"[vc_row css=\u00bb.vc_custom_1664228701871{padding-top: 70px !important;}\u00bb][vc_column][vc_column_text] SEPARADORES AIRE-ACEITE [\/vc_column_text][\/vc_column][\/vc_row][vc_row content_placement=\u00bbmiddle\u00bb css=\u00bb.vc_custom_1664228753293{padding-top: 60px !important;padding-bottom: 60px !important;}\u00bb][vc_column width=\u00bb1\/2&#8243;][vc_column_text] Son cartuchos filtrantes que separan las...\" \/>\n<meta property=\"og:url\" content=\"https:\/\/www.elementosjavi.com\/cali\/separadores-aire-aceite\/\" \/>\n<meta property=\"og:site_name\" content=\"Elementos Javi\" \/>\n<meta property=\"article:modified_time\" content=\"2023-03-13T22:21:01+00:00\" \/>\n<meta name=\"twitter:card\" content=\"summary_large_image\" \/>\n<meta name=\"twitter:label1\" content=\"Tiempo de lectura\" \/>\n\t<meta name=\"twitter:data1\" content=\"1 minuto\" \/>\n<script type=\"application\/ld+json\" class=\"yoast-schema-graph\">{\"@context\":\"https:\/\/schema.org\",\"@graph\":[{\"@type\":\"WebPage\",\"@id\":\"https:\/\/www.elementosjavi.com\/cali\/separadores-aire-aceite\/\",\"url\":\"https:\/\/www.elementosjavi.com\/cali\/separadores-aire-aceite\/\",\"name\":\"Separadores aire - aceite - Elementos Javi\",\"isPartOf\":{\"@id\":\"https:\/\/www.elementosjavi.com\/cali\/#website\"},\"datePublished\":\"2022-09-26T21:46:54+00:00\",\"dateModified\":\"2023-03-13T22:21:01+00:00\",\"breadcrumb\":{\"@id\":\"https:\/\/www.elementosjavi.com\/cali\/separadores-aire-aceite\/#breadcrumb\"},\"inLanguage\":\"es\",\"potentialAction\":[{\"@type\":\"ReadAction\",\"target\":[\"https:\/\/www.elementosjavi.com\/cali\/separadores-aire-aceite\/\"]}]},{\"@type\":\"BreadcrumbList\",\"@id\":\"https:\/\/www.elementosjavi.com\/cali\/separadores-aire-aceite\/#breadcrumb\",\"itemListElement\":[{\"@type\":\"ListItem\",\"position\":1,\"name\":\"Portada\",\"item\":\"https:\/\/www.elementosjavi.com\/cali\/\"},{\"@type\":\"ListItem\",\"position\":2,\"name\":\"Separadores aire &#8211; aceite\"}]},{\"@type\":\"WebSite\",\"@id\":\"https:\/\/www.elementosjavi.com\/cali\/#website\",\"url\":\"https:\/\/www.elementosjavi.com\/cali\/\",\"name\":\"Elementos Javi\",\"description\":\"Filtros Especiales Cali\",\"potentialAction\":[{\"@type\":\"SearchAction\",\"target\":{\"@type\":\"EntryPoint\",\"urlTemplate\":\"https:\/\/www.elementosjavi.com\/cali\/?s={search_term_string}\"},\"query-input\":{\"@type\":\"PropertyValueSpecification\",\"valueRequired\":true,\"valueName\":\"search_term_string\"}}],\"inLanguage\":\"es\"}]}<\/script>\n<!-- \/ Yoast SEO plugin. -->","yoast_head_json":{"title":"Separadores aire - aceite - Elementos Javi","robots":{"index":"index","follow":"follow","max-snippet":"max-snippet:-1","max-image-preview":"max-image-preview:large","max-video-preview":"max-video-preview:-1"},"canonical":"https:\/\/www.elementosjavi.com\/cali\/separadores-aire-aceite\/","og_locale":"es_ES","og_type":"article","og_title":"Separadores aire - aceite - Elementos Javi","og_description":"[vc_row css=\u00bb.vc_custom_1664228701871{padding-top: 70px !important;}\u00bb][vc_column][vc_column_text] SEPARADORES AIRE-ACEITE [\/vc_column_text][\/vc_column][\/vc_row][vc_row content_placement=\u00bbmiddle\u00bb css=\u00bb.vc_custom_1664228753293{padding-top: 60px !important;padding-bottom: 60px !important;}\u00bb][vc_column width=\u00bb1\/2&#8243;][vc_column_text] Son cartuchos filtrantes que separan las...","og_url":"https:\/\/www.elementosjavi.com\/cali\/separadores-aire-aceite\/","og_site_name":"Elementos Javi","article_modified_time":"2023-03-13T22:21:01+00:00","twitter_card":"summary_large_image","twitter_misc":{"Tiempo de lectura":"1 minuto"},"schema":{"@context":"https:\/\/schema.org","@graph":[{"@type":"WebPage","@id":"https:\/\/www.elementosjavi.com\/cali\/separadores-aire-aceite\/","url":"https:\/\/www.elementosjavi.com\/cali\/separadores-aire-aceite\/","name":"Separadores aire - aceite - Elementos Javi","isPartOf":{"@id":"https:\/\/www.elementosjavi.com\/cali\/#website"},"datePublished":"2022-09-26T21:46:54+00:00","dateModified":"2023-03-13T22:21:01+00:00","breadcrumb":{"@id":"https:\/\/www.elementosjavi.com\/cali\/separadores-aire-aceite\/#breadcrumb"},"inLanguage":"es","potentialAction":[{"@type":"ReadAction","target":["https:\/\/www.elementosjavi.com\/cali\/separadores-aire-aceite\/"]}]},{"@type":"BreadcrumbList","@id":"https:\/\/www.elementosjavi.com\/cali\/separadores-aire-aceite\/#breadcrumb","itemListElement":[{"@type":"ListItem","position":1,"name":"Portada","item":"https:\/\/www.elementosjavi.com\/cali\/"},{"@type":"ListItem","position":2,"name":"Separadores aire &#8211; aceite"}]},{"@type":"WebSite","@id":"https:\/\/www.elementosjavi.com\/cali\/#website","url":"https:\/\/www.elementosjavi.com\/cali\/","name":"Elementos Javi","description":"Filtros Especiales Cali","potentialAction":[{"@type":"SearchAction","target":{"@type":"EntryPoint","urlTemplate":"https:\/\/www.elementosjavi.com\/cali\/?s={search_term_string}"},"query-input":{"@type":"PropertyValueSpecification","valueRequired":true,"valueName":"search_term_string"}}],"inLanguage":"es"}]}},"_links":{"self":[{"href":"https:\/\/www.elementosjavi.com\/cali\/wp-json\/wp\/v2\/pages\/1346"}],"collection":[{"href":"https:\/\/www.elementosjavi.com\/cali\/wp-json\/wp\/v2\/pages"}],"about":[{"href":"https:\/\/www.elementosjavi.com\/cali\/wp-json\/wp\/v2\/types\/page"}],"author":[{"embeddable":true,"href":"https:\/\/www.elementosjavi.com\/cali\/wp-json\/wp\/v2\/users\/1"}],"replies":[{"embeddable":true,"href":"https:\/\/www.elementosjavi.com\/cali\/wp-json\/wp\/v2\/comments?post=1346"}],"version-history":[{"count":0,"href":"https:\/\/www.elementosjavi.com\/cali\/wp-json\/wp\/v2\/pages\/1346\/revisions"}],"wp:attachment":[{"href":"https:\/\/www.elementosjavi.com\/cali\/wp-json\/wp\/v2\/media?parent=1346"}],"curies":[{"name":"wp","href":"https:\/\/api.w.org\/{rel}","templated":true}]}}