{"id":1350,"date":"2022-09-27T04:53:20","date_gmt":"2022-09-26T21:53:20","guid":{"rendered":"https:\/\/ecoweb.com.co\/asoluciones\/?page_id=1350"},"modified":"2023-03-13T17:22:40","modified_gmt":"2023-03-13T22:22:40","slug":"telas-filtrantes","status":"publish","type":"page","link":"https:\/\/www.elementosjavi.com\/cali\/telas-filtrantes\/","title":{"rendered":"Telas filtrantes"},"content":{"rendered":"<p>[vc_row css=\u00bb.vc_custom_1664229196388{padding-top: 70px !important;}\u00bb][vc_column][vc_column_text]<\/p>\n<p class=\"titulos\" style=\"text-align: center; color: #0066cc; font-weight: bold; font-size: 37pt; line-height: 1;\">TELAS FILTRANTES<\/p>\n<p>[\/vc_column_text][\/vc_column][\/vc_row][vc_row gap=\u00bb25&#8243; css=\u00bb.vc_custom_1487865602068{padding-top: 60px !important;}\u00bb][vc_column width=\u00bb1\/3&#8243;][vc_column_text]<img decoding=\"async\" class=\"aligncenter\" src=\"\/wp-content\/uploads\/2022\/09\/poliester-punzonado.jpg\" alt=\"\" width=\"100%\" \/>[\/vc_column_text][vc_row_inner][vc_column_inner][vc_column_text]<\/p>\n<p style=\"font-size: 14pt; text-align: justify; font-weight: 500;\">POLI\u00c9STER PUNZONADO<\/p>\n<p style=\"font-size: 12pt; text-align: justify;\">Filtro de Poliester Punzonado, es el m\u00e1s vers\u00e1til, rentable y es el medio de filtro m\u00e1s utilizado para la recolecci\u00f3n de polvo. Es fuerte, resistente a la abrasi\u00f3n, puede trabajar hasta 150\u00b0C y tiene una buena resistencia a los \u00e1cidos comunes, disolventes y agentes oxidantes.<\/p>\n<p>[\/vc_column_text][\/vc_column_inner][\/vc_row_inner][\/vc_column][vc_column width=\u00bb1\/3&#8243;][vc_column_text]<img decoding=\"async\" class=\"aligncenter\" src=\"\/wp-content\/uploads\/2022\/09\/repelente-de-agua.jpg\" alt=\"\" width=\"100%\" \/>[\/vc_column_text][vc_row_inner][vc_column_inner][vc_column_text]<\/p>\n<p style=\"font-size: 14pt; text-align: justify; font-weight: 500;\">POLI\u00c9STER REPELENTE AL AGUA Y ACEITE<\/p>\n<p style=\"font-size: 12pt; text-align: justify;\">Repele el aceite y el agua, mediante el uso de compuestos que contienen materiales impregnados de fl\u00faor-tecnolog\u00eda, que forman barrera molecular alrededor de cada fibra.<\/p>\n<p>[\/vc_column_text][\/vc_column_inner][\/vc_row_inner][\/vc_column][vc_column width=\u00bb1\/3&#8243;][vc_column_text]<img decoding=\"async\" class=\"aligncenter\" src=\"\/wp-content\/uploads\/2022\/09\/nomex.jpg\" alt=\"\" width=\"100%\" \/>[\/vc_column_text][vc_row_inner][vc_column_inner][vc_column_text]<\/p>\n<p style=\"font-size: 14pt; text-align: justify; font-weight: 500;\">NOMEX<\/p>\n<p style=\"font-size: 12pt; text-align: justify;\">Metamax punzonado (Nomex) Metamax es la mezcla de 95% m-aramida y 5% de p-aramida. Las Fibras NOMEX son del grupo de fibra gen\u00e9rica llamada meta-aramida. Resitente a las altas temperaturas.<\/p>\n<p>[\/vc_column_text][\/vc_column_inner][\/vc_row_inner][\/vc_column][\/vc_row][vc_row gap=\u00bb25&#8243;][vc_column width=\u00bb1\/3&#8243;][vc_column_text]<img decoding=\"async\" class=\"aligncenter\" src=\"\/wp-content\/uploads\/2022\/09\/punzonado-antiestatico.jpg\" alt=\"\" width=\"100%\" \/>[\/vc_column_text][vc_row_inner][vc_column_inner][vc_column_text]<\/p>\n<p style=\"font-size: 14pt; text-align: justify; font-weight: 500;\">POLI\u00c9STER PUNZONADO ANTIEST\u00c1TICO (MEZCLADO CON FIBRAS EL\u00c9CTRICAS)<\/p>\n<p style=\"font-size: 12pt; text-align: justify;\">Poli\u00e9ster antiest\u00e1tico(mezclado con fibra el\u00e9ctrica), este material permite descargar la energ\u00eda est\u00e1tica que es producida por la acumulaci\u00f3n excesiva de cargas el\u00e9ctricas generada por la concentraci\u00f3n de polvo industrial, que al llegar a cierto grado(l\u00edmite de explosi\u00f3n\/chispa) ocasionan posteriormente el incendio de las mangas filtrantes y los colectores de polvo. Esta energ\u00eda est\u00e1tica es producida en lugares donde hay mucha densidad de polvo como lo son el polvo de la harina, polvo qu\u00edmico, carb\u00f3n, polvo de madera, pl\u00e1sticos, etc.<\/p>\n<p>[\/vc_column_text][\/vc_column_inner][\/vc_row_inner][\/vc_column][vc_column width=\u00bb1\/3&#8243;][vc_column_text]<img decoding=\"async\" class=\"aligncenter\" src=\"\/wp-content\/uploads\/2022\/09\/poliester-con-membrana.jpg\" alt=\"\" width=\"100%\" \/>[\/vc_column_text][vc_row_inner][vc_column_inner][vc_column_text]<\/p>\n<p style=\"font-size: 14pt; text-align: justify; font-weight: 500;\">POLI\u00c9STER CON MEMBRANA PTFE (TEFLON)<\/p>\n<p style=\"font-size: 12pt; text-align: justify;\">Poli\u00e9ster no tejido con recubrimiento de membrana de PTFE para una mayor eficiencia en la recolecci\u00f3n y liberaci\u00f3n de polvo. Tiene una resistencia qu\u00edmica mejorada en comparaci\u00f3n con el acr\u00edlico y poliuretano, usada en filtros de bolsa, permite a las empresas reducir gastos y costos.<\/p>\n<p>[\/vc_column_text][\/vc_column_inner][\/vc_row_inner][\/vc_column][vc_column width=\u00bb1\/3&#8243;][vc_column_text]<img decoding=\"async\" class=\"aligncenter\" src=\"\/wp-content\/uploads\/2022\/09\/punzonado-antiestatico2.jpg\" alt=\"\" width=\"100%\" \/>[\/vc_column_text][vc_row_inner][vc_column_inner][vc_column_text]<\/p>\n<p style=\"font-size: 14pt; text-align: justify; font-weight: 500;\">POLI\u00c9STER PUNZONADO ANTIEST\u00c1TICO<\/p>\n<p style=\"font-size: 12pt; text-align: justify;\">Evita la acumulaci\u00f3n de eneg\u00eda est\u00e1tica. Tiene l\u00edneas conductoras de energ\u00eda que descargan la energ\u00eda est\u00e1tica generada por la concentraci\u00f3n de polvo industrial, que al llegar a cierto grado(l\u00edmite de explosi\u00f3n\/chispa) ocasionan el incendio posterior de las mangas filtrantes y los colectores de polvo. Esta energ\u00eda est\u00e1tica es producida por polvos como lo son: el polvo de la harina, polvo qu\u00edmico, carb\u00f3n, polvo de madera, pl\u00e1stico, etc.<\/p>\n<p>[\/vc_column_text][\/vc_column_inner][\/vc_row_inner][\/vc_column][\/vc_row][vc_row css=\u00bb.vc_custom_1487954382814{padding-bottom: 60px !important;}\u00bb][vc_column width=\u00bb1\/2&#8243;][vc_column_text]<img decoding=\"async\" class=\"aligncenter\" src=\"\/wp-content\/uploads\/2022\/09\/tejido-de-fibra.jpg\" alt=\"\" width=\"100%\" \/>[\/vc_column_text][\/vc_column][vc_column width=\u00bb1\/2&#8243;][vc_row_inner css=\u00bb.vc_custom_1487954394004{padding-right: 25px !important;padding-left: 25px !important;}\u00bb][vc_column_inner][vc_column_text]<\/p>\n<p style=\"font-size: 14pt; text-align: justify; font-weight: 500;\">TEJIDO DE FIBRA DE VIDRIO CON MEMBRANA PTFE<\/p>\n<p style=\"font-size: 12pt; text-align: justify;\">Una de las m\u00e1s fuertes fibras textiles, que tiene una mayor resistencia, tiene un bajo estiramiento bajo carga, generalmente 3% o menos. Las fibras de vidrio producen telas con excelente estabilidad dimensional bajo diferentes tipos de condiciones.<\/p>\n<p style=\"font-size: 12pt; text-align: justify;\"><span style=\"font-weight: 500;\">Alta Resistencia al calor:<\/span> tiene una excelente resistencia al calor a un costo relativamente bajo.<\/p>\n<p style=\"font-size: 12pt; text-align: justify;\">La tela de fibra de vidrio del filtro se compone de materiales inorg\u00e1nicos, y son ign\u00edfugos, una elecci\u00f3n natural donde inflamabilidad es motivo de preocupaci\u00f3n.<\/p>\n<p style=\"font-size: 12pt; text-align: justify;\"><span style=\"font-weight: 500;\">Buena conductividad t\u00e9rmica:<\/span> la disipaci\u00f3n r\u00e1pida del calor de tela con fibra de vidrio es particularmente importante en aplicaciones de aislamiento el\u00e9ctrico.<\/p>\n<p style=\"font-size: 12pt; text-align: justify;\"><span style=\"font-weight: 500;\">Durabilidad:<\/span> al ser inerte, tela con fibra de vidrio no es afectada por la luz solar, hongos o bacterias.<\/p>\n<p style=\"font-size: 12pt; text-align: justify;\"><span style=\"font-weight: 500;\">Econ\u00f3mico:<\/span> la fibra de vidrio es m\u00e1s bajo en costo que muchos otros tejidos para aplicaciones similares.<\/p>\n<p style=\"font-size: 12pt; text-align: justify;\"><span style=\"font-weight: 500;\">Aplicaciones en la industria:<\/span><\/p>\n<ul>\n<li style=\"font-size: 12pt; text-align: justify;\">\u2022 Hornos Minerales<\/li>\n<li style=\"font-size: 12pt; text-align: justify;\">\u2022 Planta de energ\u00eda<\/li>\n<li style=\"font-size: 12pt; text-align: justify;\">\u2022 Incineradores<\/li>\n<li style=\"font-size: 12pt; text-align: justify;\">\u2022 Producci\u00f3n de humo negro<\/li>\n<li style=\"font-size: 12pt; text-align: justify;\">\u2022 Refiner\u00edas<\/li>\n<li style=\"font-size: 12pt; text-align: justify;\">\u2022 Acer\u00edas<\/li>\n<\/ul>\n<p>[\/vc_column_text][\/vc_column_inner][\/vc_row_inner][\/vc_column][\/vc_row]<\/p>\n","protected":false},"excerpt":{"rendered":"<p>[vc_row css=\u00bb.vc_custom_1664229196388{padding-top: 70px !important;}\u00bb][vc_column][vc_column_text] TELAS FILTRANTES [\/vc_column_text][\/vc_column][\/vc_row][vc_row gap=\u00bb25&#8243; css=\u00bb.vc_custom_1487865602068{padding-top: 60px !important;}\u00bb][vc_column width=\u00bb1\/3&#8243;][vc_column_text][\/vc_column_text][vc_row_inner][vc_column_inner][vc_column_text] POLI\u00c9STER PUNZONADO Filtro de Poliester Punzonado, es el&#8230;<\/p>\n","protected":false},"author":1,"featured_media":0,"parent":0,"menu_order":0,"comment_status":"closed","ping_status":"closed","template":"","meta":{"_joinchat":[],"footnotes":""},"class_list":["post-1350","page","type-page","status-publish","hentry"],"yoast_head":"<!-- This site is optimized with the Yoast SEO plugin v25.6 - https:\/\/yoast.com\/wordpress\/plugins\/seo\/ -->\n<title>Telas filtrantes - Elementos Javi<\/title>\n<meta name=\"robots\" content=\"index, follow, max-snippet:-1, max-image-preview:large, max-video-preview:-1\" \/>\n<link rel=\"canonical\" href=\"https:\/\/www.elementosjavi.com\/cali\/telas-filtrantes\/\" \/>\n<meta property=\"og:locale\" content=\"es_ES\" \/>\n<meta property=\"og:type\" content=\"article\" \/>\n<meta property=\"og:title\" content=\"Telas filtrantes - Elementos Javi\" \/>\n<meta property=\"og:description\" content=\"[vc_row css=\u00bb.vc_custom_1664229196388{padding-top: 70px !important;}\u00bb][vc_column][vc_column_text] TELAS FILTRANTES [\/vc_column_text][\/vc_column][\/vc_row][vc_row gap=\u00bb25&#8243; css=\u00bb.vc_custom_1487865602068{padding-top: 60px !important;}\u00bb][vc_column width=\u00bb1\/3&#8243;][vc_column_text][\/vc_column_text][vc_row_inner][vc_column_inner][vc_column_text] POLI\u00c9STER PUNZONADO Filtro de Poliester Punzonado, es el...\" \/>\n<meta property=\"og:url\" content=\"https:\/\/www.elementosjavi.com\/cali\/telas-filtrantes\/\" \/>\n<meta property=\"og:site_name\" content=\"Elementos Javi\" \/>\n<meta property=\"article:modified_time\" content=\"2023-03-13T22:22:40+00:00\" \/>\n<meta name=\"twitter:card\" content=\"summary_large_image\" \/>\n<meta name=\"twitter:label1\" content=\"Tiempo de lectura\" \/>\n\t<meta name=\"twitter:data1\" content=\"4 minutos\" \/>\n<script type=\"application\/ld+json\" class=\"yoast-schema-graph\">{\"@context\":\"https:\/\/schema.org\",\"@graph\":[{\"@type\":\"WebPage\",\"@id\":\"https:\/\/www.elementosjavi.com\/cali\/telas-filtrantes\/\",\"url\":\"https:\/\/www.elementosjavi.com\/cali\/telas-filtrantes\/\",\"name\":\"Telas filtrantes - Elementos Javi\",\"isPartOf\":{\"@id\":\"https:\/\/www.elementosjavi.com\/cali\/#website\"},\"datePublished\":\"2022-09-26T21:53:20+00:00\",\"dateModified\":\"2023-03-13T22:22:40+00:00\",\"breadcrumb\":{\"@id\":\"https:\/\/www.elementosjavi.com\/cali\/telas-filtrantes\/#breadcrumb\"},\"inLanguage\":\"es\",\"potentialAction\":[{\"@type\":\"ReadAction\",\"target\":[\"https:\/\/www.elementosjavi.com\/cali\/telas-filtrantes\/\"]}]},{\"@type\":\"BreadcrumbList\",\"@id\":\"https:\/\/www.elementosjavi.com\/cali\/telas-filtrantes\/#breadcrumb\",\"itemListElement\":[{\"@type\":\"ListItem\",\"position\":1,\"name\":\"Portada\",\"item\":\"https:\/\/www.elementosjavi.com\/cali\/\"},{\"@type\":\"ListItem\",\"position\":2,\"name\":\"Telas filtrantes\"}]},{\"@type\":\"WebSite\",\"@id\":\"https:\/\/www.elementosjavi.com\/cali\/#website\",\"url\":\"https:\/\/www.elementosjavi.com\/cali\/\",\"name\":\"Elementos Javi\",\"description\":\"Filtros Especiales Cali\",\"potentialAction\":[{\"@type\":\"SearchAction\",\"target\":{\"@type\":\"EntryPoint\",\"urlTemplate\":\"https:\/\/www.elementosjavi.com\/cali\/?s={search_term_string}\"},\"query-input\":{\"@type\":\"PropertyValueSpecification\",\"valueRequired\":true,\"valueName\":\"search_term_string\"}}],\"inLanguage\":\"es\"}]}<\/script>\n<!-- \/ Yoast SEO plugin. -->","yoast_head_json":{"title":"Telas filtrantes - Elementos Javi","robots":{"index":"index","follow":"follow","max-snippet":"max-snippet:-1","max-image-preview":"max-image-preview:large","max-video-preview":"max-video-preview:-1"},"canonical":"https:\/\/www.elementosjavi.com\/cali\/telas-filtrantes\/","og_locale":"es_ES","og_type":"article","og_title":"Telas filtrantes - Elementos Javi","og_description":"[vc_row css=\u00bb.vc_custom_1664229196388{padding-top: 70px !important;}\u00bb][vc_column][vc_column_text] TELAS FILTRANTES [\/vc_column_text][\/vc_column][\/vc_row][vc_row gap=\u00bb25&#8243; css=\u00bb.vc_custom_1487865602068{padding-top: 60px !important;}\u00bb][vc_column width=\u00bb1\/3&#8243;][vc_column_text][\/vc_column_text][vc_row_inner][vc_column_inner][vc_column_text] POLI\u00c9STER PUNZONADO Filtro de Poliester Punzonado, es el...","og_url":"https:\/\/www.elementosjavi.com\/cali\/telas-filtrantes\/","og_site_name":"Elementos Javi","article_modified_time":"2023-03-13T22:22:40+00:00","twitter_card":"summary_large_image","twitter_misc":{"Tiempo de lectura":"4 minutos"},"schema":{"@context":"https:\/\/schema.org","@graph":[{"@type":"WebPage","@id":"https:\/\/www.elementosjavi.com\/cali\/telas-filtrantes\/","url":"https:\/\/www.elementosjavi.com\/cali\/telas-filtrantes\/","name":"Telas filtrantes - Elementos Javi","isPartOf":{"@id":"https:\/\/www.elementosjavi.com\/cali\/#website"},"datePublished":"2022-09-26T21:53:20+00:00","dateModified":"2023-03-13T22:22:40+00:00","breadcrumb":{"@id":"https:\/\/www.elementosjavi.com\/cali\/telas-filtrantes\/#breadcrumb"},"inLanguage":"es","potentialAction":[{"@type":"ReadAction","target":["https:\/\/www.elementosjavi.com\/cali\/telas-filtrantes\/"]}]},{"@type":"BreadcrumbList","@id":"https:\/\/www.elementosjavi.com\/cali\/telas-filtrantes\/#breadcrumb","itemListElement":[{"@type":"ListItem","position":1,"name":"Portada","item":"https:\/\/www.elementosjavi.com\/cali\/"},{"@type":"ListItem","position":2,"name":"Telas filtrantes"}]},{"@type":"WebSite","@id":"https:\/\/www.elementosjavi.com\/cali\/#website","url":"https:\/\/www.elementosjavi.com\/cali\/","name":"Elementos Javi","description":"Filtros Especiales Cali","potentialAction":[{"@type":"SearchAction","target":{"@type":"EntryPoint","urlTemplate":"https:\/\/www.elementosjavi.com\/cali\/?s={search_term_string}"},"query-input":{"@type":"PropertyValueSpecification","valueRequired":true,"valueName":"search_term_string"}}],"inLanguage":"es"}]}},"_links":{"self":[{"href":"https:\/\/www.elementosjavi.com\/cali\/wp-json\/wp\/v2\/pages\/1350"}],"collection":[{"href":"https:\/\/www.elementosjavi.com\/cali\/wp-json\/wp\/v2\/pages"}],"about":[{"href":"https:\/\/www.elementosjavi.com\/cali\/wp-json\/wp\/v2\/types\/page"}],"author":[{"embeddable":true,"href":"https:\/\/www.elementosjavi.com\/cali\/wp-json\/wp\/v2\/users\/1"}],"replies":[{"embeddable":true,"href":"https:\/\/www.elementosjavi.com\/cali\/wp-json\/wp\/v2\/comments?post=1350"}],"version-history":[{"count":0,"href":"https:\/\/www.elementosjavi.com\/cali\/wp-json\/wp\/v2\/pages\/1350\/revisions"}],"wp:attachment":[{"href":"https:\/\/www.elementosjavi.com\/cali\/wp-json\/wp\/v2\/media?parent=1350"}],"curies":[{"name":"wp","href":"https:\/\/api.w.org\/{rel}","templated":true}]}}